{"id":27752,"date":"2019-03-14T12:12:17","date_gmt":"2019-03-14T11:12:17","guid":{"rendered":"https:\/\/michaelbarnaart.com\/product\/la-jeune-fille-a-la-perle-broche-numerotee\/"},"modified":"2024-10-05T13:08:10","modified_gmt":"2024-10-05T11:08:10","slug":"la-jeune-fille-a-la-perle","status":"publish","type":"product","link":"https:\/\/michaelbarnaart.com\/fr\/produit\/la-jeune-fille-a-la-perle\/","title":{"rendered":"La Jeune Fille \u00e0 la perle broche (num\u00e9rot\u00e9e)"},"content":{"rendered":"<div id=\"tab-product-description\" class=\"ui-tabs-panel ui-widget-content ui-corner-bottom\" role=\"tabpanel\">\n<div class=\"description\">\n<p>Cette broche est une ode \u00e0 la Jeune Fille \u00e0 la perle. La broche est accompagn\u00e9e d&#8217;une jolie bo\u00eete cadeau.<\/p>\n<p>Dimensions: 41 mm x 51 mm<br \/>\nMat\u00e9riau : m\u00e9tal avec couleurs \u00e9maill\u00e9es<br \/>\nFermeture : magn\u00e9tique<\/p>\n<p>Ne pas utiliser en association avec un stimulateur cardiaque.<\/p>\n<p><img loading=\"lazy\" decoding=\"async\" class=\"size-full wp-image-10179 aligncenter\" src=\"https:\/\/michaelbarnaart.com\/wp-content\/uploads\/2019\/03\/MeisjemetdeParelMauritshuis-MichaelBarnaart.jpg\" alt=\"\" width=\"1200\" height=\"800\" srcset=\"https:\/\/michaelbarnaart.com\/wp-content\/uploads\/2019\/03\/MeisjemetdeParelMauritshuis-MichaelBarnaart.jpg 1200w, https:\/\/michaelbarnaart.com\/wp-content\/uploads\/2019\/03\/MeisjemetdeParelMauritshuis-MichaelBarnaart-600x400.jpg 600w, https:\/\/michaelbarnaart.com\/wp-content\/uploads\/2019\/03\/MeisjemetdeParelMauritshuis-MichaelBarnaart-300x200.jpg 300w, https:\/\/michaelbarnaart.com\/wp-content\/uploads\/2019\/03\/MeisjemetdeParelMauritshuis-MichaelBarnaart-1024x683.jpg 1024w, https:\/\/michaelbarnaart.com\/wp-content\/uploads\/2019\/03\/MeisjemetdeParelMauritshuis-MichaelBarnaart-768x512.jpg 768w, https:\/\/michaelbarnaart.com\/wp-content\/uploads\/2019\/03\/MeisjemetdeParelMauritshuis-MichaelBarnaart-1116x744.jpg 1116w, https:\/\/michaelbarnaart.com\/wp-content\/uploads\/2019\/03\/MeisjemetdeParelMauritshuis-MichaelBarnaart-806x537.jpg 806w, https:\/\/michaelbarnaart.com\/wp-content\/uploads\/2019\/03\/MeisjemetdeParelMauritshuis-MichaelBarnaart-558x372.jpg 558w, https:\/\/michaelbarnaart.com\/wp-content\/uploads\/2019\/03\/MeisjemetdeParelMauritshuis-MichaelBarnaart-655x437.jpg 655w\" sizes=\"auto, (max-width: 1200px) 100vw, 1200px\" \/><\/p>\n<p>&#8220;Il n&#8217;y a pas d&#8217;ic\u00f4ne de l&#8217;art n\u00e9erlandais plus importante que ce chef-d&#8217;\u0153uvre de Johannes Vermeer&#8221;, affirme Michael Barnaart. &#8220;L&#8217;\u00e9quivalent de la Joconde, la Jeune Fille \u00e0 la perle du Mauritshuis fait vibrer les gens du monde entier&#8221;.<\/p>\n<p>Outre la beaut\u00e9 et le regard poignant que Vermeer, peintre de l&#8217;\u00e2ge d&#8217;or, a transmis \u00e0 ce jeune homme myst\u00e9rieux, l&#8217;utilisation des couleurs et la composition sont d&#8217;une telle simplicit\u00e9 et d&#8217;une telle puissance que l&#8217;image captive imm\u00e9diatement. Cette qualit\u00e9 iconique a incit\u00e9 Michael Barnaart \u00e0 concevoir une broche inspir\u00e9e du tableau : &#8220;En simplifiant encore les couleurs et en abstrayant les formes, un jeu passionnant d&#8217;\u00e9l\u00e9ments g\u00e9om\u00e9triques a \u00e9t\u00e9 cr\u00e9\u00e9. Avec la perle en son centre, bien s\u00fbr&#8221;.<\/p>\n<p>Les broches \u00e9maill\u00e9es sont grav\u00e9es et portent chacune un num\u00e9ro. Ce nouveau bijou s&#8217;inscrit dans la tradition de conception de Barnaart, dans laquelle les images fortes de la haute culture et de la culture populaire jouent un r\u00f4le important.<\/p>\n<p style=\"text-align: center;\"><img loading=\"lazy\" decoding=\"async\" class=\"alignnone size-full wp-image-19138\" src=\"https:\/\/michaelbarnaart.com\/wp-content\/uploads\/2019\/03\/meisje_parel_schets1.jpg\" alt=\"\" width=\"1000\" height=\"1000\" srcset=\"https:\/\/michaelbarnaart.com\/wp-content\/uploads\/2019\/03\/meisje_parel_schets1.jpg 1000w, https:\/\/michaelbarnaart.com\/wp-content\/uploads\/2019\/03\/meisje_parel_schets1-768x768.jpg 768w, https:\/\/michaelbarnaart.com\/wp-content\/uploads\/2019\/03\/meisje_parel_schets1-220x220.jpg 220w, https:\/\/michaelbarnaart.com\/wp-content\/uploads\/2019\/03\/meisje_parel_schets1-600x600.jpg 600w, https:\/\/michaelbarnaart.com\/wp-content\/uploads\/2019\/03\/meisje_parel_schets1-300x300.jpg 300w, https:\/\/michaelbarnaart.com\/wp-content\/uploads\/2019\/03\/meisje_parel_schets1-150x150.jpg 150w, https:\/\/michaelbarnaart.com\/wp-content\/uploads\/2019\/03\/meisje_parel_schets1-20x20.jpg 20w, https:\/\/michaelbarnaart.com\/wp-content\/uploads\/2019\/03\/meisje_parel_schets1-40x40.jpg 40w, https:\/\/michaelbarnaart.com\/wp-content\/uploads\/2019\/03\/meisje_parel_schets1-60x60.jpg 60w, https:\/\/michaelbarnaart.com\/wp-content\/uploads\/2019\/03\/meisje_parel_schets1-468x468.jpg 468w, https:\/\/michaelbarnaart.com\/wp-content\/uploads\/2019\/03\/meisje_parel_schets1-806x806.jpg 806w, https:\/\/michaelbarnaart.com\/wp-content\/uploads\/2019\/03\/meisje_parel_schets1-558x558.jpg 558w, https:\/\/michaelbarnaart.com\/wp-content\/uploads\/2019\/03\/meisje_parel_schets1-655x655.jpg 655w, https:\/\/michaelbarnaart.com\/wp-content\/uploads\/2019\/03\/meisje_parel_schets1-50x50.jpg 50w, https:\/\/michaelbarnaart.com\/wp-content\/uploads\/2019\/03\/meisje_parel_schets1-100x100.jpg 100w, https:\/\/michaelbarnaart.com\/wp-content\/uploads\/2019\/03\/meisje_parel_schets1-500x500.jpg 500w\" sizes=\"auto, (max-width: 1000px) 100vw, 1000px\" \/><\/p>\n<p>&nbsp;<\/p>\n<p style=\"text-align: center;\">La broche dans les m\u00e9dias :<\/p>\n<p><img loading=\"lazy\" decoding=\"async\" class=\"alignnone size-full wp-image-10974 aligncenter\" src=\"https:\/\/michaelbarnaart.com\/wp-content\/uploads\/2019\/05\/2019-EHI.jpg\" alt=\"\" width=\"1675\" height=\"1148\" srcset=\"https:\/\/michaelbarnaart.com\/wp-content\/uploads\/2019\/05\/2019-EHI.jpg 1675w, https:\/\/michaelbarnaart.com\/wp-content\/uploads\/2019\/05\/2019-EHI-600x411.jpg 600w, https:\/\/michaelbarnaart.com\/wp-content\/uploads\/2019\/05\/2019-EHI-300x206.jpg 300w, https:\/\/michaelbarnaart.com\/wp-content\/uploads\/2019\/05\/2019-EHI-1024x702.jpg 1024w, https:\/\/michaelbarnaart.com\/wp-content\/uploads\/2019\/05\/2019-EHI-768x526.jpg 768w, https:\/\/michaelbarnaart.com\/wp-content\/uploads\/2019\/05\/2019-EHI-1536x1053.jpg 1536w, https:\/\/michaelbarnaart.com\/wp-content\/uploads\/2019\/05\/2019-EHI-1482x1016.jpg 1482w, https:\/\/michaelbarnaart.com\/wp-content\/uploads\/2019\/05\/2019-EHI-1612x1105.jpg 1612w, https:\/\/michaelbarnaart.com\/wp-content\/uploads\/2019\/05\/2019-EHI-1116x765.jpg 1116w, https:\/\/michaelbarnaart.com\/wp-content\/uploads\/2019\/05\/2019-EHI-806x552.jpg 806w, https:\/\/michaelbarnaart.com\/wp-content\/uploads\/2019\/05\/2019-EHI-558x382.jpg 558w, https:\/\/michaelbarnaart.com\/wp-content\/uploads\/2019\/05\/2019-EHI-655x449.jpg 655w\" sizes=\"auto, (max-width: 1675px) 100vw, 1675px\" \/><\/p>\n<p style=\"text-align: center;\"><em>Eigen Huis &amp; Interieur<\/em><\/p>\n<p>&nbsp;<\/p>\n<p><img loading=\"lazy\" decoding=\"async\" class=\"alignnone size-full wp-image-11136 aligncenter\" src=\"https:\/\/michaelbarnaart.com\/wp-content\/uploads\/2019\/05\/2019-elegance3.jpg\" alt=\"\" width=\"1500\" height=\"2002\" srcset=\"https:\/\/michaelbarnaart.com\/wp-content\/uploads\/2019\/05\/2019-elegance3.jpg 1500w, https:\/\/michaelbarnaart.com\/wp-content\/uploads\/2019\/05\/2019-elegance3-600x801.jpg 600w, https:\/\/michaelbarnaart.com\/wp-content\/uploads\/2019\/05\/2019-elegance3-225x300.jpg 225w, https:\/\/michaelbarnaart.com\/wp-content\/uploads\/2019\/05\/2019-elegance3-767x1024.jpg 767w, https:\/\/michaelbarnaart.com\/wp-content\/uploads\/2019\/05\/2019-elegance3-768x1025.jpg 768w, https:\/\/michaelbarnaart.com\/wp-content\/uploads\/2019\/05\/2019-elegance3-1151x1536.jpg 1151w, https:\/\/michaelbarnaart.com\/wp-content\/uploads\/2019\/05\/2019-elegance3-1482x1978.jpg 1482w, https:\/\/michaelbarnaart.com\/wp-content\/uploads\/2019\/05\/2019-elegance3-1116x1489.jpg 1116w, https:\/\/michaelbarnaart.com\/wp-content\/uploads\/2019\/05\/2019-elegance3-806x1076.jpg 806w, https:\/\/michaelbarnaart.com\/wp-content\/uploads\/2019\/05\/2019-elegance3-558x745.jpg 558w, https:\/\/michaelbarnaart.com\/wp-content\/uploads\/2019\/05\/2019-elegance3-655x874.jpg 655w\" sizes=\"auto, (max-width: 1500px) 100vw, 1500px\" \/><\/p>\n<p style=\"text-align: center;\"><em>Elegance<\/em><\/p>\n<p>&nbsp;<\/p>\n<p><img loading=\"lazy\" decoding=\"async\" class=\"alignnone size-full wp-image-11030 aligncenter\" src=\"https:\/\/michaelbarnaart.com\/wp-content\/uploads\/2019\/05\/2019-herenhuis.jpg\" alt=\"\" width=\"1536\" height=\"1024\" srcset=\"https:\/\/michaelbarnaart.com\/wp-content\/uploads\/2019\/05\/2019-herenhuis.jpg 1536w, https:\/\/michaelbarnaart.com\/wp-content\/uploads\/2019\/05\/2019-herenhuis-600x400.jpg 600w, https:\/\/michaelbarnaart.com\/wp-content\/uploads\/2019\/05\/2019-herenhuis-300x200.jpg 300w, https:\/\/michaelbarnaart.com\/wp-content\/uploads\/2019\/05\/2019-herenhuis-1024x683.jpg 1024w, https:\/\/michaelbarnaart.com\/wp-content\/uploads\/2019\/05\/2019-herenhuis-768x512.jpg 768w, https:\/\/michaelbarnaart.com\/wp-content\/uploads\/2019\/05\/2019-herenhuis-1482x988.jpg 1482w, https:\/\/michaelbarnaart.com\/wp-content\/uploads\/2019\/05\/2019-herenhuis-1116x744.jpg 1116w, https:\/\/michaelbarnaart.com\/wp-content\/uploads\/2019\/05\/2019-herenhuis-806x537.jpg 806w, https:\/\/michaelbarnaart.com\/wp-content\/uploads\/2019\/05\/2019-herenhuis-558x372.jpg 558w, https:\/\/michaelbarnaart.com\/wp-content\/uploads\/2019\/05\/2019-herenhuis-655x437.jpg 655w\" sizes=\"auto, (max-width: 1536px) 100vw, 1536px\" \/><\/p>\n<p style=\"text-align: center;\"><em>Herenhuis<\/em><\/p>\n<p>&nbsp;<\/p>\n<p style=\"text-align: center;\"><a href=\"https:\/\/michaelbarnaart.com\/broches\/\">D\u00e9couvrez les autres broches ici.<\/a><\/p>\n<p style=\"text-align: center;\"><a href=\"https:\/\/www.mauritshuis.nl\/ontdek-collectie\/kunstwerken\/670-meisje-met-de-parel\/\" target=\"_blank\" rel=\"noopener\">D\u00e9couvrez le tableau \u00e0 la Mauritshuis.<\/a><\/p>\n<\/div>\n<\/div>\n","protected":false},"excerpt":{"rendered":"<p>Cette broche est une ode \u00e0 la Jeune Fille \u00e0 la perle. La broche est accompagn\u00e9e d&#8217;une jolie bo\u00eete cadeau. Dimensions: 41 mm x 51 mm Mat\u00e9riau : m\u00e9tal avec couleurs \u00e9maill\u00e9es Fermeture : magn\u00e9tique Ne pas utiliser en association avec un stimulateur cardiaque. &#8220;Il n&#8217;y a pas d&#8217;ic\u00f4ne de l&#8217;art n\u00e9erlandais plus importante que&hellip;<\/p>\n","protected":false},"featured_media":24883,"template":"","meta":{"_acf_changed":false},"product_brand":[],"product_cat":[1144,1143,1105],"product_tag":[],"class_list":{"0":"post-27752","1":"product","2":"type-product","3":"status-publish","4":"has-post-thumbnail","6":"product_cat-accueil","7":"product_cat-broches","8":"product_cat-tout","10":"first","11":"instock","12":"shipping-taxable","13":"purchasable","14":"product-type-simple","16":"catalog-layout-default","17":"columns-xs-2"},"acf":[],"_links":{"self":[{"href":"https:\/\/michaelbarnaart.com\/fr\/wp-json\/wp\/v2\/product\/27752","targetHints":{"allow":["GET"]}}],"collection":[{"href":"https:\/\/michaelbarnaart.com\/fr\/wp-json\/wp\/v2\/product"}],"about":[{"href":"https:\/\/michaelbarnaart.com\/fr\/wp-json\/wp\/v2\/types\/product"}],"wp:featuredmedia":[{"embeddable":true,"href":"https:\/\/michaelbarnaart.com\/fr\/wp-json\/wp\/v2\/media\/24883"}],"wp:attachment":[{"href":"https:\/\/michaelbarnaart.com\/fr\/wp-json\/wp\/v2\/media?parent=27752"}],"wp:term":[{"taxonomy":"product_brand","embeddable":true,"href":"https:\/\/michaelbarnaart.com\/fr\/wp-json\/wp\/v2\/product_brand?post=27752"},{"taxonomy":"product_cat","embeddable":true,"href":"https:\/\/michaelbarnaart.com\/fr\/wp-json\/wp\/v2\/product_cat?post=27752"},{"taxonomy":"product_tag","embeddable":true,"href":"https:\/\/michaelbarnaart.com\/fr\/wp-json\/wp\/v2\/product_tag?post=27752"}],"curies":[{"name":"wp","href":"https:\/\/api.w.org\/{rel}","templated":true}]}}