{"id":27675,"date":"2024-05-20T12:04:56","date_gmt":"2024-05-20T10:04:56","guid":{"rendered":"https:\/\/michaelbarnaart.com\/product\/maeko-robe-cloche\/"},"modified":"2025-08-03T11:03:06","modified_gmt":"2025-08-03T09:03:06","slug":"maeko","status":"publish","type":"product","link":"https:\/\/michaelbarnaart.com\/fr\/produit\/maeko\/","title":{"rendered":"Maeko &#8211; robe \u00e9vas\u00e9e"},"content":{"rendered":"<p>Maeko est une jolie robe cloche en maille fine avec une rayure d\u00e9licate. Ce mod\u00e8le pr\u00e9sente une jolie encolure bateau graphique et la jupe s&#8217;\u00e9vase largement. Le ruban de taille est inclus. La robe s&#8217;enfile facilement par-dessus la t\u00eate, sans fermeture.<\/p>\n<p><em>Dessin:<\/em> stripes<\/p>\n<p><em>Couleur:<\/em> noir avec laine blanche<\/p>\n<p><em>Mod\u00e8le : 176 cm et portant la taille 36<\/em><\/p>\n<p><em>Production:<\/em> durable et traditionnelle aux Pays-Bas<\/p>\n<p><em>Mati\u00e8re:<\/em> 50% coton, 50% acrylique<\/p>\n<p><em>Conseils de lavage:<\/em> laver \u00e0 30 degr\u00e9s<\/p>\n<p><img loading=\"lazy\" decoding=\"async\" class=\"alignnone size-full wp-image-1751\" src=\"https:\/\/michaelbarnaart.com\/wp-content\/uploads\/2018\/02\/1.png\" alt=\"\" width=\"25\" height=\"25\" data-wp-editing=\"1\" \/> Tricot simple<\/p>\n<p><a href=\"https:\/\/michaelbarnaart.com\/wp-content\/uploads\/2018\/02\/flared.png\"><img loading=\"lazy\" decoding=\"async\" class=\"alignnone size-full wp-image-1752\" src=\"https:\/\/michaelbarnaart.com\/wp-content\/uploads\/2018\/02\/flared.png\" alt=\"\" width=\"25\" height=\"25\" srcset=\"https:\/\/michaelbarnaart.com\/wp-content\/uploads\/2018\/02\/flared.png 25w, https:\/\/michaelbarnaart.com\/wp-content\/uploads\/2018\/02\/flared-20x20.png 20w\" sizes=\"auto, (max-width: 25px) 100vw, 25px\" \/><\/a> Robe \u00e9vas\u00e9e<\/p>\n<p><a href=\"https:\/\/michaelbarnaart.com\/fr\/service-clientele\/\" target=\"_blank\" rel=\"noopener\">Pour plus d&#8217;informations sur les tailles et les coupes, cliquez ici.<\/a><\/p>\n","protected":false},"excerpt":{"rendered":"<p>Maeko est une jolie robe cloche en maille fine avec une rayure d\u00e9licate. Ce mod\u00e8le pr\u00e9sente une jolie encolure bateau graphique et la jupe s&#8217;\u00e9vase largement. Le ruban de taille est inclus. La robe s&#8217;enfile facilement par-dessus la t\u00eate, sans fermeture. Dessin: stripes Couleur: noir avec laine blanche Mod\u00e8le : 176 cm et portant la&hellip;<\/p>\n","protected":false},"featured_media":32855,"template":"","meta":{"_acf_changed":false},"product_brand":[],"product_cat":[1116,1106,1115,1105,1136,1122],"product_tag":[],"class_list":{"0":"post-27675","1":"product","2":"type-product","3":"status-publish","4":"has-post-thumbnail","6":"product_cat-robes","7":"product_cat-saison","8":"product_cat-silhouette-evasee","9":"product_cat-tout","10":"product_cat-tricot-simple-tissu-fin","11":"product_cat-tricots","12":"pa_maat-34-fr","13":"pa_maat-36-fr","14":"pa_maat-38-fr","15":"pa_maat-40-fr","16":"pa_maat-42-fr","17":"pa_maat-44-fr","19":"first","20":"instock","21":"shipping-taxable","22":"purchasable","23":"product-type-variable","25":"catalog-layout-default","26":"columns-xs-2"},"acf":[],"_links":{"self":[{"href":"https:\/\/michaelbarnaart.com\/fr\/wp-json\/wp\/v2\/product\/27675","targetHints":{"allow":["GET"]}}],"collection":[{"href":"https:\/\/michaelbarnaart.com\/fr\/wp-json\/wp\/v2\/product"}],"about":[{"href":"https:\/\/michaelbarnaart.com\/fr\/wp-json\/wp\/v2\/types\/product"}],"wp:featuredmedia":[{"embeddable":true,"href":"https:\/\/michaelbarnaart.com\/fr\/wp-json\/wp\/v2\/media\/32855"}],"wp:attachment":[{"href":"https:\/\/michaelbarnaart.com\/fr\/wp-json\/wp\/v2\/media?parent=27675"}],"wp:term":[{"taxonomy":"product_brand","embeddable":true,"href":"https:\/\/michaelbarnaart.com\/fr\/wp-json\/wp\/v2\/product_brand?post=27675"},{"taxonomy":"product_cat","embeddable":true,"href":"https:\/\/michaelbarnaart.com\/fr\/wp-json\/wp\/v2\/product_cat?post=27675"},{"taxonomy":"product_tag","embeddable":true,"href":"https:\/\/michaelbarnaart.com\/fr\/wp-json\/wp\/v2\/product_tag?post=27675"}],"curies":[{"name":"wp","href":"https:\/\/api.w.org\/{rel}","templated":true}]}}