{"id":27631,"date":"2018-09-12T18:30:16","date_gmt":"2018-09-12T16:30:16","guid":{"rendered":"https:\/\/michaelbarnaart.com\/product\/teckel-broche-numerotee\/"},"modified":"2025-05-05T15:51:42","modified_gmt":"2025-05-05T13:51:42","slug":"teckel","status":"publish","type":"product","link":"https:\/\/michaelbarnaart.com\/fr\/produit\/teckel\/","title":{"rendered":"Teckel marron broche (num\u00e9rot\u00e9e)"},"content":{"rendered":"<p>Chaque broche \u00e9maill\u00e9e est grav\u00e9e et num\u00e9rot\u00e9e, ce qui en fait \u00e9galement une pi\u00e8ce de collection unique. Le teckel est accompagn\u00e9 d&#8217;une jolie bo\u00eete de rangement.<\/p>\n<p>Des images fortes issues de la haute culture et de la culture populaire jouent un r\u00f4le important dans la conception des broches. La simplification et l&#8217;abstraction des formes permettent de cr\u00e9er une image puissante et embl\u00e9matique. Les compositions g\u00e9om\u00e9triques s&#8217;inscrivent dans la tradition du design europ\u00e9en moderne.<\/p>\n<p>Taille : 60 mm x 34 mm<br \/>\nMat\u00e9riau : m\u00e9tal<br \/>\nFermeture : grand aimant<\/p>\n<p>Ne pas utiliser en association avec un stimulateur cardiaque.<\/p>\n","protected":false},"excerpt":{"rendered":"<p>Chaque broche \u00e9maill\u00e9e est grav\u00e9e et num\u00e9rot\u00e9e, ce qui en fait \u00e9galement une pi\u00e8ce de collection unique. Le teckel est accompagn\u00e9 d&#8217;une jolie bo\u00eete de rangement. Des images fortes issues de la haute culture et de la culture populaire jouent un r\u00f4le important dans la conception des broches. La simplification et l&#8217;abstraction des formes permettent&hellip;<\/p>\n","protected":false},"featured_media":32040,"template":"","meta":{"_acf_changed":false},"product_brand":[],"product_cat":[1143,1105],"product_tag":[],"class_list":{"0":"post-27631","1":"product","2":"type-product","3":"status-publish","4":"has-post-thumbnail","6":"product_cat-broches","7":"product_cat-tout","9":"first","10":"instock","11":"shipping-taxable","12":"purchasable","13":"product-type-simple","15":"catalog-layout-default","16":"columns-xs-2"},"acf":[],"_links":{"self":[{"href":"https:\/\/michaelbarnaart.com\/fr\/wp-json\/wp\/v2\/product\/27631","targetHints":{"allow":["GET"]}}],"collection":[{"href":"https:\/\/michaelbarnaart.com\/fr\/wp-json\/wp\/v2\/product"}],"about":[{"href":"https:\/\/michaelbarnaart.com\/fr\/wp-json\/wp\/v2\/types\/product"}],"wp:featuredmedia":[{"embeddable":true,"href":"https:\/\/michaelbarnaart.com\/fr\/wp-json\/wp\/v2\/media\/32040"}],"wp:attachment":[{"href":"https:\/\/michaelbarnaart.com\/fr\/wp-json\/wp\/v2\/media?parent=27631"}],"wp:term":[{"taxonomy":"product_brand","embeddable":true,"href":"https:\/\/michaelbarnaart.com\/fr\/wp-json\/wp\/v2\/product_brand?post=27631"},{"taxonomy":"product_cat","embeddable":true,"href":"https:\/\/michaelbarnaart.com\/fr\/wp-json\/wp\/v2\/product_cat?post=27631"},{"taxonomy":"product_tag","embeddable":true,"href":"https:\/\/michaelbarnaart.com\/fr\/wp-json\/wp\/v2\/product_tag?post=27631"}],"curies":[{"name":"wp","href":"https:\/\/api.w.org\/{rel}","templated":true}]}}