{"id":27624,"date":"2019-07-20T15:49:01","date_gmt":"2019-07-20T13:49:01","guid":{"rendered":"https:\/\/michaelbarnaart.com\/product\/oeil-broche-numerote\/"},"modified":"2024-12-10T11:09:58","modified_gmt":"2024-12-10T10:09:58","slug":"oeil-broche-numerote","status":"publish","type":"product","link":"https:\/\/michaelbarnaart.com\/fr\/produit\/oeil-broche-numerote\/","title":{"rendered":"\u0152il broche (num\u00e9rot\u00e9)"},"content":{"rendered":"<div id=\"tab-product-description\" class=\"ui-tabs-panel ui-widget-content ui-corner-bottom\" role=\"tabpanel\">\n<div class=\"description\">\n<p>Cette broche en forme d&#8217;\u0153il transforme n&#8217;importe quelle tenue en un v\u00e9ritable accroche-regard. La broche est accompagn\u00e9e d&#8217;une jolie bo\u00eete cadeau.<\/p>\n<p>Des images fortes issues de la haute culture et de la culture populaire jouent un r\u00f4le important dans la conception des broches. La simplification et l&#8217;abstraction des formes permettent de cr\u00e9er une image puissante et embl\u00e9matique. L&#8217;utilisation de couleurs et de compositions g\u00e9om\u00e9triques s&#8217;inscrit dans la tradition du design moderne europ\u00e9en.<\/p>\n<p>Les broches \u00e9maill\u00e9es sont grav\u00e9es et portent chacune un num\u00e9ro. Cela fait \u00e9galement de cette broche un objet de collection unique. Les broches sont dot\u00e9es d&#8217;un fermoir magn\u00e9tique.<\/p>\n<p>Dimensions: 46 mm x 30 mm<br \/>\nMat\u00e9riau : m\u00e9tal avec couleurs \u00e9maill\u00e9es<br \/>\nFermeture : magn\u00e9tique<\/p>\n<\/div>\n<\/div>\n","protected":false},"excerpt":{"rendered":"<p>Cette broche en forme d&#8217;\u0153il transforme n&#8217;importe quelle tenue en un v\u00e9ritable accroche-regard. La broche est accompagn\u00e9e d&#8217;une jolie bo\u00eete cadeau. Des images fortes issues de la haute culture et de la culture populaire jouent un r\u00f4le important dans la conception des broches. La simplification et l&#8217;abstraction des formes permettent de cr\u00e9er une image puissante&hellip;<\/p>\n","protected":false},"featured_media":27625,"template":"","meta":{"_acf_changed":false},"product_brand":[],"product_cat":[1143,1105],"product_tag":[],"class_list":{"0":"post-27624","1":"product","2":"type-product","3":"status-publish","4":"has-post-thumbnail","6":"product_cat-broches","7":"product_cat-tout","9":"first","10":"instock","11":"shipping-taxable","12":"purchasable","13":"product-type-simple","15":"catalog-layout-default","16":"columns-xs-2"},"acf":[],"_links":{"self":[{"href":"https:\/\/michaelbarnaart.com\/fr\/wp-json\/wp\/v2\/product\/27624","targetHints":{"allow":["GET"]}}],"collection":[{"href":"https:\/\/michaelbarnaart.com\/fr\/wp-json\/wp\/v2\/product"}],"about":[{"href":"https:\/\/michaelbarnaart.com\/fr\/wp-json\/wp\/v2\/types\/product"}],"wp:featuredmedia":[{"embeddable":true,"href":"https:\/\/michaelbarnaart.com\/fr\/wp-json\/wp\/v2\/media\/27625"}],"wp:attachment":[{"href":"https:\/\/michaelbarnaart.com\/fr\/wp-json\/wp\/v2\/media?parent=27624"}],"wp:term":[{"taxonomy":"product_brand","embeddable":true,"href":"https:\/\/michaelbarnaart.com\/fr\/wp-json\/wp\/v2\/product_brand?post=27624"},{"taxonomy":"product_cat","embeddable":true,"href":"https:\/\/michaelbarnaart.com\/fr\/wp-json\/wp\/v2\/product_cat?post=27624"},{"taxonomy":"product_tag","embeddable":true,"href":"https:\/\/michaelbarnaart.com\/fr\/wp-json\/wp\/v2\/product_tag?post=27624"}],"curies":[{"name":"wp","href":"https:\/\/api.w.org\/{rel}","templated":true}]}}