{"id":27615,"date":"2021-03-31T00:42:28","date_gmt":"2021-03-30T22:42:28","guid":{"rendered":"https:\/\/michaelbarnaart.com\/product\/miffy-michael-barnaart-broche\/"},"modified":"2026-03-10T17:00:17","modified_gmt":"2026-03-10T16:00:17","slug":"miffy","status":"publish","type":"product","link":"https:\/\/michaelbarnaart.com\/fr\/produit\/miffy\/","title":{"rendered":"Miffy + Michael Barnaart broche"},"content":{"rendered":"<p><strong>Le lapin le plus c\u00e9l\u00e8bre au monde poss\u00e8de d\u00e9sormais dans sa garde-robe une cr\u00e9ation embl\u00e9matique de Michael Barnaart. Sous la forme d&#8217;une broche \u00e9maill\u00e9e, Miffy porte la robe Mondrian. <\/strong><\/p>\n<p>\u201cCes rayures, je les trouve belles, vraiment, je les aime bien. Mais je ne suis pas tout \u00e0 fait s\u00fbr de savoir comment regarder\u201d, dit un jour Miffy. Elle aime l\u2019\u0153uvre de Piet Mondrian. Il en va de m\u00eame pour Michael Barnaart, qui est \u00e0 son tour un fan de la plus c\u00e9l\u00e8bre des cr\u00e9ations de Dick Bruna. Avec une broche repr\u00e9sentant Miffy dans sa c\u00e9l\u00e8bre robe de Mondrian, le cr\u00e9ateur de mode r\u00e9alise une rencontre logique mais unique entre deux des artistes les plus influents de la tradition du design n\u00e9erlandais moderne.   <\/p>\n<p>\u00ab Les \u0153uvres de Dick Bruna font partie de mes premiers souvenirs d&#8217;enfance ; Miffy \u00e9tait affich\u00e9e en poster au-dessus de mon lit \u00bb, raconte Barnaart. \u00ab La simplicit\u00e9 apparente, le jeu de lignes puissant et les couleurs expressives sont des sources d&#8217;inspiration importantes pour mes cr\u00e9ations. Ces m\u00eames \u00e9l\u00e9ments m&#8217;ont ensuite frapp\u00e9 dans l&#8217;\u0153uvre de Mondrian. \u00bb Lorsque sa robe Mondrian a conquis le monde lors d&#8217;expositions internationales en 2011, le cr\u00e9ateur a \u00e9crit une lettre \u00e0 Bruna pour le remercier de son inspiration. \u00ab Sa r\u00e9ponse manuscrite est accroch\u00e9e dans ma chambre dans la tour \u00bb, dit-il avec un large sourire. \u00ab Depuis lors, une collaboration avec Miffy figurait en t\u00eate de ma liste de souhaits. <a href=\"https:\/\/michaelbarnaart.com\/mondriaan\/?mc_cid=1a24a85c93&amp;mc_eid=UNIQID\" target=\"_blank\" rel=\"noopener\">Lorsque la robe Mondrian a f\u00eat\u00e9 ses dix ans, le moment \u00e9tait venu.<\/a> \u00bb    <\/p>\n<p>La broche \u00e9maill\u00e9e avec fermeture magn\u00e9tique est disponible dans plusieurs boutiques (de mus\u00e9es) et dans la boutique \u00ab De winkel van nijntje \u00bb \u00e0 Amsterdam. Cet objet de collection est accompagn\u00e9 d&#8217;un joli coffret de rangement. <\/p>\n<p>Format : 50 mm x 26 mm<br \/>\nMat\u00e9riau : m\u00e9tal avec couleurs \u00e9maill\u00e9es<br \/>\nFermeture : grand aimant<\/p>\n<p>Ne pas utiliser en association avec un stimulateur cardiaque. Ne convient pas aux enfants. La broche contient de petites pi\u00e8ces pouvant pr\u00e9senter un risque d&#8217;\u00e9touffement. <\/p>\n<p>Illustrations Dick Bruna \u00a9 copyright Mercis bv, 1953-2021<\/p>\n","protected":false},"excerpt":{"rendered":"<p>Le lapin le plus c\u00e9l\u00e8bre au monde poss\u00e8de d\u00e9sormais dans sa garde-robe une cr\u00e9ation embl\u00e9matique de Michael Barnaart. Sous la forme d&#8217;une broche \u00e9maill\u00e9e, Miffy porte la robe Mondrian. \u201cCes rayures, je les trouve belles, vraiment, je les aime bien. Mais je ne suis pas tout \u00e0 fait s\u00fbr de savoir comment regarder\u201d, dit un&hellip;<\/p>\n","protected":false},"featured_media":27616,"template":"","meta":{"_acf_changed":false},"product_brand":[],"product_cat":[1143,1105],"product_tag":[],"class_list":{"0":"post-27615","1":"product","2":"type-product","3":"status-publish","4":"has-post-thumbnail","6":"product_cat-broches","7":"product_cat-tout","9":"first","10":"instock","11":"shipping-taxable","12":"purchasable","13":"product-type-simple","15":"catalog-layout-default","16":"columns-xs-2"},"acf":[],"_links":{"self":[{"href":"https:\/\/michaelbarnaart.com\/fr\/wp-json\/wp\/v2\/product\/27615","targetHints":{"allow":["GET"]}}],"collection":[{"href":"https:\/\/michaelbarnaart.com\/fr\/wp-json\/wp\/v2\/product"}],"about":[{"href":"https:\/\/michaelbarnaart.com\/fr\/wp-json\/wp\/v2\/types\/product"}],"wp:featuredmedia":[{"embeddable":true,"href":"https:\/\/michaelbarnaart.com\/fr\/wp-json\/wp\/v2\/media\/27616"}],"wp:attachment":[{"href":"https:\/\/michaelbarnaart.com\/fr\/wp-json\/wp\/v2\/media?parent=27615"}],"wp:term":[{"taxonomy":"product_brand","embeddable":true,"href":"https:\/\/michaelbarnaart.com\/fr\/wp-json\/wp\/v2\/product_brand?post=27615"},{"taxonomy":"product_cat","embeddable":true,"href":"https:\/\/michaelbarnaart.com\/fr\/wp-json\/wp\/v2\/product_cat?post=27615"},{"taxonomy":"product_tag","embeddable":true,"href":"https:\/\/michaelbarnaart.com\/fr\/wp-json\/wp\/v2\/product_tag?post=27615"}],"curies":[{"name":"wp","href":"https:\/\/api.w.org\/{rel}","templated":true}]}}