{"id":27607,"date":"2018-09-12T17:03:19","date_gmt":"2018-09-12T15:03:19","guid":{"rendered":"https:\/\/michaelbarnaart.com\/product\/mondrian-broche-numerotee\/"},"modified":"2025-02-04T13:37:18","modified_gmt":"2025-02-04T12:37:18","slug":"mondrian-broche","status":"publish","type":"product","link":"https:\/\/michaelbarnaart.com\/fr\/produit\/mondrian-broche\/","title":{"rendered":"Robe Mondrian broche (num\u00e9rot\u00e9e)"},"content":{"rendered":"<div id=\"tab-product-description\" class=\"ui-tabs-panel ui-widget-content ui-corner-bottom\" role=\"tabpanel\">\n<div class=\"description\">\n<p>La robe iconique de Mondrian en broche en \u00e9mail ! Chaque broche est num\u00e9rot\u00e9e au dos. S&#8217;attache facilement \u00e0 l&#8217;aide d&#8217;une \u00e9pingle.<\/p>\n<p>Couleur : blanc, noir, rouge et bleu sur fond d&#8217;or.<br \/>\nDimensions : 23 mm x 45 mm<br \/>\nMat\u00e9riau : m\u00e9tal avec couleurs \u00e9maill\u00e9es<\/p>\n<\/div>\n<\/div>\n","protected":false},"excerpt":{"rendered":"<p>La robe iconique de Mondrian en broche en \u00e9mail ! Chaque broche est num\u00e9rot\u00e9e au dos. S&#8217;attache facilement \u00e0 l&#8217;aide d&#8217;une \u00e9pingle. Couleur : blanc, noir, rouge et bleu sur fond d&#8217;or. Dimensions : 23 mm x 45 mm Mat\u00e9riau : m\u00e9tal avec couleurs \u00e9maill\u00e9es<\/p>\n","protected":false},"featured_media":27608,"template":"","meta":{"_acf_changed":false},"product_brand":[],"product_cat":[1143,1120,1105],"product_tag":[],"class_list":{"0":"post-27607","1":"product","2":"type-product","3":"status-publish","4":"has-post-thumbnail","6":"product_cat-broches","7":"product_cat-classiques","8":"product_cat-tout","10":"first","11":"instock","12":"shipping-taxable","13":"purchasable","14":"product-type-simple","16":"catalog-layout-default","17":"columns-xs-2"},"acf":[],"_links":{"self":[{"href":"https:\/\/michaelbarnaart.com\/fr\/wp-json\/wp\/v2\/product\/27607","targetHints":{"allow":["GET"]}}],"collection":[{"href":"https:\/\/michaelbarnaart.com\/fr\/wp-json\/wp\/v2\/product"}],"about":[{"href":"https:\/\/michaelbarnaart.com\/fr\/wp-json\/wp\/v2\/types\/product"}],"wp:featuredmedia":[{"embeddable":true,"href":"https:\/\/michaelbarnaart.com\/fr\/wp-json\/wp\/v2\/media\/27608"}],"wp:attachment":[{"href":"https:\/\/michaelbarnaart.com\/fr\/wp-json\/wp\/v2\/media?parent=27607"}],"wp:term":[{"taxonomy":"product_brand","embeddable":true,"href":"https:\/\/michaelbarnaart.com\/fr\/wp-json\/wp\/v2\/product_brand?post=27607"},{"taxonomy":"product_cat","embeddable":true,"href":"https:\/\/michaelbarnaart.com\/fr\/wp-json\/wp\/v2\/product_cat?post=27607"},{"taxonomy":"product_tag","embeddable":true,"href":"https:\/\/michaelbarnaart.com\/fr\/wp-json\/wp\/v2\/product_tag?post=27607"}],"curies":[{"name":"wp","href":"https:\/\/api.w.org\/{rel}","templated":true}]}}