{"id":27589,"date":"2018-02-25T14:02:35","date_gmt":"2024-05-17T11:37:40","guid":{"rendered":"https:\/\/michaelbarnaart.com\/product\/robe-mondrian-robe-droite\/"},"modified":"2025-10-24T09:50:05","modified_gmt":"2025-10-24T07:50:05","slug":"robe-mondrian-robe-droite","status":"publish","type":"product","link":"https:\/\/michaelbarnaart.com\/fr\/produit\/robe-mondrian-robe-droite\/","title":{"rendered":"Robe Mondrian &#8211; robe droite"},"content":{"rendered":"<h1>En 2011, Michael Barnaart a con\u00e7u la robe Mondrian en collaboration avec le Kunstmuseum Den Haag (mus\u00e9e d&#8217;art moderne de La Haye, Pays-Bas), le mus\u00e9e qui poss\u00e8de le plus grand nombre de peintures de Mondrian au monde.<\/h1>\n<p>Ce dessin est une ode \u00e0 Piet Mondrian (<span class=\"st\">Amersfoort, 7 mars 1872 &#8211; New York, 1er f\u00e9vrier 1944).<\/span> Dans cette robe \u00e0 la tessellation reconnaissable, certaines lignes noires ne vont pas jusqu&#8217;au bord, comme on peut le voir dans l&#8217;\u0153uvre de Mondrian. La silhouette droite assure une coupe confortable. Cette robe est blanc cr\u00e8me avec du noir, du bleu et du rouge fonc\u00e9.<\/p>\n<p>La robe de Mondrian a \u00e9t\u00e9 acquise par le Centraal Museum d&#8217;Utrecht. La robe Mondrian a \u00e9galement \u00e9t\u00e9 pr\u00e9sent\u00e9e \u00e0 l&#8217;exposition The Vulgar au Barbican de Londres, aux c\u00f4t\u00e9s des robes Mondrian d&#8217;Yves Saint Laurent. <a href=\"https:\/\/michaelbarnaart.com\/mondriaan\/\">D\u00e9couvrez tous les points forts de la robe Mondrian ici !<\/a><\/p>\n<p><a href=\"https:\/\/michaelbarnaart.com\/mondriaan\/\" target=\"_blank\" rel=\"noopener\"><span data-offset-key=\"7s9ip-0-0\">Pour en savoir plus sur mes cr\u00e9ations Mondrian, cliquez ici.<\/span><\/a><\/p>\n<p>En cas de doute entre deux tailles, choisissez la plus grande.<\/p>\n<p><a href=\"https:\/\/michaelbarnaart.com\/wp-content\/uploads\/2018\/02\/1.png\"><img loading=\"lazy\" decoding=\"async\" class=\"alignnone size-full wp-image-1749\" src=\"https:\/\/michaelbarnaart.com\/wp-content\/uploads\/2018\/02\/1.png\" alt=\"\" width=\"25\" height=\"25\" srcset=\"https:\/\/michaelbarnaart.com\/wp-content\/uploads\/2018\/02\/1.png 25w, https:\/\/michaelbarnaart.com\/wp-content\/uploads\/2018\/02\/1-20x20.png 20w\" sizes=\"auto, (max-width: 25px) 100vw, 25px\" \/><\/a> Tricot simple<\/p>\n<p><a href=\"https:\/\/michaelbarnaart.com\/wp-content\/uploads\/2018\/02\/shift.png\"><img loading=\"lazy\" decoding=\"async\" class=\"alignnone size-full wp-image-1755\" src=\"https:\/\/michaelbarnaart.com\/wp-content\/uploads\/2018\/02\/shift.png\" alt=\"\" width=\"25\" height=\"25\" srcset=\"https:\/\/michaelbarnaart.com\/wp-content\/uploads\/2018\/02\/shift.png 25w, https:\/\/michaelbarnaart.com\/wp-content\/uploads\/2018\/02\/shift-20x20.png 20w\" sizes=\"auto, (max-width: 25px) 100vw, 25px\" \/><\/a> Robe droite<\/p>\n<p>50% coton<br \/>\n50% acrylique<br \/>\nLaver \u00e0 30 degr\u00e9s. Retirer la broche avant le lavage.<\/p>\n<p>Design n\u00e9erlandais : con\u00e7u et produit aux Pays-Bas.<\/p>\n<p style=\"text-align: center;\"><img loading=\"lazy\" decoding=\"async\" class=\"size-full wp-image-3296 aligncenter\" src=\"https:\/\/michaelbarnaart.com\/wp-content\/uploads\/2018\/03\/Barbican-recht.jpg\" alt=\"\" width=\"1500\" height=\"1125\" srcset=\"https:\/\/michaelbarnaart.com\/wp-content\/uploads\/2018\/03\/Barbican-recht.jpg 1500w, https:\/\/michaelbarnaart.com\/wp-content\/uploads\/2018\/03\/Barbican-recht-600x450.jpg 600w, https:\/\/michaelbarnaart.com\/wp-content\/uploads\/2018\/03\/Barbican-recht-300x225.jpg 300w, https:\/\/michaelbarnaart.com\/wp-content\/uploads\/2018\/03\/Barbican-recht-1024x768.jpg 1024w, https:\/\/michaelbarnaart.com\/wp-content\/uploads\/2018\/03\/Barbican-recht-768x576.jpg 768w, https:\/\/michaelbarnaart.com\/wp-content\/uploads\/2018\/03\/Barbican-recht-1482x1112.jpg 1482w, https:\/\/michaelbarnaart.com\/wp-content\/uploads\/2018\/03\/Barbican-recht-1116x837.jpg 1116w, https:\/\/michaelbarnaart.com\/wp-content\/uploads\/2018\/03\/Barbican-recht-806x605.jpg 806w, https:\/\/michaelbarnaart.com\/wp-content\/uploads\/2018\/03\/Barbican-recht-558x419.jpg 558w, https:\/\/michaelbarnaart.com\/wp-content\/uploads\/2018\/03\/Barbican-recht-655x491.jpg 655w\" sizes=\"auto, (max-width: 1500px) 100vw, 1500px\" \/><\/p>\n","protected":false},"excerpt":{"rendered":"<p>En 2011, Michael Barnaart a con\u00e7u la robe Mondrian en collaboration avec le Kunstmuseum Den Haag (mus\u00e9e d&#8217;art moderne de La Haye, Pays-Bas), le mus\u00e9e qui poss\u00e8de le plus grand nombre de peintures de Mondrian au monde. Ce dessin est une ode \u00e0 Piet Mondrian (Amersfoort, 7 mars 1872 &#8211; New York, 1er f\u00e9vrier 1944).&hellip;<\/p>\n","protected":false},"featured_media":27590,"template":"","meta":{"_acf_changed":false},"product_brand":[],"product_cat":[1120,1116,1137,1105,1136,1122],"product_tag":[],"class_list":{"0":"post-27589","1":"product","2":"type-product","3":"status-publish","4":"has-post-thumbnail","6":"product_cat-classiques","7":"product_cat-robes","8":"product_cat-silhouette-droite","9":"product_cat-tout","10":"product_cat-tricot-simple-tissu-fin","11":"product_cat-tricots","12":"pa_maat-34-fr","13":"pa_maat-36-fr","14":"pa_maat-38-fr","15":"pa_maat-40-fr","16":"pa_maat-42-fr","17":"pa_maat-44-fr","19":"first","20":"instock","21":"shipping-taxable","22":"purchasable","23":"product-type-variable","25":"catalog-layout-default","26":"columns-xs-2"},"acf":[],"_links":{"self":[{"href":"https:\/\/michaelbarnaart.com\/fr\/wp-json\/wp\/v2\/product\/27589","targetHints":{"allow":["GET"]}}],"collection":[{"href":"https:\/\/michaelbarnaart.com\/fr\/wp-json\/wp\/v2\/product"}],"about":[{"href":"https:\/\/michaelbarnaart.com\/fr\/wp-json\/wp\/v2\/types\/product"}],"wp:featuredmedia":[{"embeddable":true,"href":"https:\/\/michaelbarnaart.com\/fr\/wp-json\/wp\/v2\/media\/27590"}],"wp:attachment":[{"href":"https:\/\/michaelbarnaart.com\/fr\/wp-json\/wp\/v2\/media?parent=27589"}],"wp:term":[{"taxonomy":"product_brand","embeddable":true,"href":"https:\/\/michaelbarnaart.com\/fr\/wp-json\/wp\/v2\/product_brand?post=27589"},{"taxonomy":"product_cat","embeddable":true,"href":"https:\/\/michaelbarnaart.com\/fr\/wp-json\/wp\/v2\/product_cat?post=27589"},{"taxonomy":"product_tag","embeddable":true,"href":"https:\/\/michaelbarnaart.com\/fr\/wp-json\/wp\/v2\/product_tag?post=27589"}],"curies":[{"name":"wp","href":"https:\/\/api.w.org\/{rel}","templated":true}]}}