{"id":27580,"date":"2019-07-18T12:00:16","date_gmt":"2019-07-18T10:00:16","guid":{"rendered":"https:\/\/michaelbarnaart.com\/product\/bouche-broche-numerotee\/"},"modified":"2025-10-27T14:31:48","modified_gmt":"2025-10-27T13:31:48","slug":"bouche-broche-numerotee","status":"publish","type":"product","link":"https:\/\/michaelbarnaart.com\/fr\/produit\/bouche-broche-numerotee\/","title":{"rendered":"Bouche broche (num\u00e9rot\u00e9e)"},"content":{"rendered":"<div id=\"tab-product-description\" class=\"ui-tabs-panel ui-widget-content ui-corner-bottom\" role=\"tabpanel\">\n<div class=\"description\">\n<p>De Marilyn Monroe \u00e0 Ava Gardner, les l\u00e8vres peintes en rouge \u00e9taient la marque de fabrique de toutes les stars s\u00e9duisantes d&#8217;Hollywood dans les ann\u00e9es 1950. Ajoutez du glamour \u00e0 votre tenue ! Cette broche repr\u00e9sentant une bouche embl\u00e9matique transforme n&#8217;importe quelle tenue en accroche-regard. La broche est accompagn\u00e9e d&#8217;une jolie bo\u00eete cadeau.<\/p>\n<p>Des images fortes issues de la haute culture et de la culture populaire jouent un r\u00f4le important dans la conception des broches. La simplification et l&#8217;abstraction des formes permettent de cr\u00e9er une image puissante et embl\u00e9matique. L&#8217;utilisation de couleurs et de compositions g\u00e9om\u00e9triques s&#8217;inscrit dans la tradition du design moderne europ\u00e9en.<\/p>\n<p>Les broches \u00e9maill\u00e9es sont grav\u00e9es et portent chacune un num\u00e9ro. Cela fait \u00e9galement de cette broche un objet de collection unique. Les broches sont dot\u00e9es d&#8217;un fermoir magn\u00e9tique.<\/p>\n<p>Format : 55 mm x 33 mm<br \/>\nMat\u00e9riau : m\u00e9tal avec couleurs \u00e9maill\u00e9es<br \/>\nFermeture : grand aimant<\/p>\n<p>Ne pas utiliser en association avec un stimulateur cardiaque.<\/p>\n<\/div>\n<\/div>\n","protected":false},"excerpt":{"rendered":"<p>De Marilyn Monroe \u00e0 Ava Gardner, les l\u00e8vres peintes en rouge \u00e9taient la marque de fabrique de toutes les stars s\u00e9duisantes d&#8217;Hollywood dans les ann\u00e9es 1950. Ajoutez du glamour \u00e0 votre tenue ! Cette broche repr\u00e9sentant une bouche embl\u00e9matique transforme n&#8217;importe quelle tenue en accroche-regard. La broche est accompagn\u00e9e d&#8217;une jolie bo\u00eete cadeau. Des images&hellip;<\/p>\n","protected":false},"featured_media":27581,"template":"","meta":{"_acf_changed":false},"product_brand":[],"product_cat":[1143,1105],"product_tag":[],"class_list":{"0":"post-27580","1":"product","2":"type-product","3":"status-publish","4":"has-post-thumbnail","6":"product_cat-broches","7":"product_cat-tout","9":"first","10":"instock","11":"shipping-taxable","12":"purchasable","13":"product-type-simple","15":"catalog-layout-default","16":"columns-xs-2"},"acf":[],"_links":{"self":[{"href":"https:\/\/michaelbarnaart.com\/fr\/wp-json\/wp\/v2\/product\/27580","targetHints":{"allow":["GET"]}}],"collection":[{"href":"https:\/\/michaelbarnaart.com\/fr\/wp-json\/wp\/v2\/product"}],"about":[{"href":"https:\/\/michaelbarnaart.com\/fr\/wp-json\/wp\/v2\/types\/product"}],"wp:featuredmedia":[{"embeddable":true,"href":"https:\/\/michaelbarnaart.com\/fr\/wp-json\/wp\/v2\/media\/27581"}],"wp:attachment":[{"href":"https:\/\/michaelbarnaart.com\/fr\/wp-json\/wp\/v2\/media?parent=27580"}],"wp:term":[{"taxonomy":"product_brand","embeddable":true,"href":"https:\/\/michaelbarnaart.com\/fr\/wp-json\/wp\/v2\/product_brand?post=27580"},{"taxonomy":"product_cat","embeddable":true,"href":"https:\/\/michaelbarnaart.com\/fr\/wp-json\/wp\/v2\/product_cat?post=27580"},{"taxonomy":"product_tag","embeddable":true,"href":"https:\/\/michaelbarnaart.com\/fr\/wp-json\/wp\/v2\/product_tag?post=27580"}],"curies":[{"name":"wp","href":"https:\/\/api.w.org\/{rel}","templated":true}]}}