{"id":27441,"date":"2019-09-03T21:46:53","date_gmt":"2019-09-03T19:46:53","guid":{"rendered":"https:\/\/michaelbarnaart.com\/product\/le-style-echarpe\/"},"modified":"2024-04-10T15:06:40","modified_gmt":"2024-04-10T13:06:40","slug":"le-style-echarpe","status":"publish","type":"product","link":"https:\/\/michaelbarnaart.com\/fr\/produit\/le-style-echarpe\/","title":{"rendered":"Le Style &#8211; \u00e9charpe"},"content":{"rendered":"<p><em>Taille :<\/em> 50 cm x 190 cm<\/p>\n<p><em>Couleurs :<\/em> noir, blanc cr\u00e8me, gris acier, rouge fonc\u00e9, jaune, bleu gentiane et bleu fonc\u00e9. Les couleurs sont assorties \u00e0 la robe Mondrian et au poncho Boogie.<\/p>\n<p><em>Production : fabrication durable et traditionnelle aux Pays-Bas selon le principe &#8220;z\u00e9ro d\u00e9chet&#8221; : aucun r\u00e9sidu ne subsiste pendant la production !<\/em><\/p>\n<p>50% coton \/ 50% acrylique<\/p>\n<p>Laver \u00e0 30 degr\u00e9s.<\/p>\n","protected":false},"excerpt":{"rendered":"<p>Taille : 50 cm x 190 cm Couleurs : noir, blanc cr\u00e8me, gris acier, rouge fonc\u00e9, jaune, bleu gentiane et bleu fonc\u00e9. Les couleurs sont assorties \u00e0 la robe Mondrian et au poncho Boogie. Production : fabrication durable et traditionnelle aux Pays-Bas selon le principe &#8220;z\u00e9ro d\u00e9chet&#8221; : aucun r\u00e9sidu ne subsiste pendant la production&hellip;<\/p>\n","protected":false},"featured_media":11970,"template":"","meta":{"_acf_changed":false},"product_brand":[],"product_cat":[1120,1133,1105,1122],"product_tag":[],"class_list":{"0":"post-27441","1":"product","2":"type-product","3":"status-publish","4":"has-post-thumbnail","6":"product_cat-classiques","7":"product_cat-echarpes","8":"product_cat-tout","9":"product_cat-tricots","11":"first","12":"instock","13":"shipping-taxable","14":"purchasable","15":"product-type-simple","17":"catalog-layout-default","18":"columns-xs-2"},"acf":[],"_links":{"self":[{"href":"https:\/\/michaelbarnaart.com\/fr\/wp-json\/wp\/v2\/product\/27441","targetHints":{"allow":["GET"]}}],"collection":[{"href":"https:\/\/michaelbarnaart.com\/fr\/wp-json\/wp\/v2\/product"}],"about":[{"href":"https:\/\/michaelbarnaart.com\/fr\/wp-json\/wp\/v2\/types\/product"}],"wp:featuredmedia":[{"embeddable":true,"href":"https:\/\/michaelbarnaart.com\/fr\/wp-json\/wp\/v2\/media\/11970"}],"wp:attachment":[{"href":"https:\/\/michaelbarnaart.com\/fr\/wp-json\/wp\/v2\/media?parent=27441"}],"wp:term":[{"taxonomy":"product_brand","embeddable":true,"href":"https:\/\/michaelbarnaart.com\/fr\/wp-json\/wp\/v2\/product_brand?post=27441"},{"taxonomy":"product_cat","embeddable":true,"href":"https:\/\/michaelbarnaart.com\/fr\/wp-json\/wp\/v2\/product_cat?post=27441"},{"taxonomy":"product_tag","embeddable":true,"href":"https:\/\/michaelbarnaart.com\/fr\/wp-json\/wp\/v2\/product_tag?post=27441"}],"curies":[{"name":"wp","href":"https:\/\/api.w.org\/{rel}","templated":true}]}}