{"id":27438,"date":"2024-04-10T14:15:32","date_gmt":"2024-04-10T12:15:32","guid":{"rendered":"https:\/\/michaelbarnaart.com\/product\/ceramique-echarpe\/"},"modified":"2024-04-10T15:03:42","modified_gmt":"2024-04-10T13:03:42","slug":"ceramique-echarpe","status":"publish","type":"product","link":"https:\/\/michaelbarnaart.com\/fr\/produit\/ceramique-echarpe\/","title":{"rendered":"C\u00e9ramique &#8211; \u00e9charpe"},"content":{"rendered":"<p><em>Taille :<\/em> 50 cm x 190 cm<\/p>\n<p><em>Couleurs : noir, rose saumon, violet crocus, jaune, rose, vert pistache et bleu gentiane<\/em><\/p>\n<p><em>Production : fabrication durable et traditionnelle aux Pays-Bas selon le principe &#8220;z\u00e9ro d\u00e9chet&#8221; : aucun r\u00e9sidu ne subsiste pendant la production !<\/em><\/p>\n<p>50% coton \/ 50% acrylique<\/p>\n<p>Laver \u00e0 30 degr\u00e9s.<\/p>\n","protected":false},"excerpt":{"rendered":"<p>Taille : 50 cm x 190 cm Couleurs : noir, rose saumon, violet crocus, jaune, rose, vert pistache et bleu gentiane Production : fabrication durable et traditionnelle aux Pays-Bas selon le principe &#8220;z\u00e9ro d\u00e9chet&#8221; : aucun r\u00e9sidu ne subsiste pendant la production ! 50% coton \/ 50% acrylique Laver \u00e0 30 degr\u00e9s.<\/p>\n","protected":false},"featured_media":27437,"template":"","meta":{"_acf_changed":false},"product_brand":[],"product_cat":[1133,1105,1122],"product_tag":[],"class_list":{"0":"post-27438","1":"product","2":"type-product","3":"status-publish","4":"has-post-thumbnail","6":"product_cat-echarpes","7":"product_cat-tout","8":"product_cat-tricots","10":"first","11":"instock","12":"shipping-taxable","13":"purchasable","14":"product-type-simple","16":"catalog-layout-default","17":"columns-xs-2"},"acf":[],"_links":{"self":[{"href":"https:\/\/michaelbarnaart.com\/fr\/wp-json\/wp\/v2\/product\/27438","targetHints":{"allow":["GET"]}}],"collection":[{"href":"https:\/\/michaelbarnaart.com\/fr\/wp-json\/wp\/v2\/product"}],"about":[{"href":"https:\/\/michaelbarnaart.com\/fr\/wp-json\/wp\/v2\/types\/product"}],"wp:featuredmedia":[{"embeddable":true,"href":"https:\/\/michaelbarnaart.com\/fr\/wp-json\/wp\/v2\/media\/27437"}],"wp:attachment":[{"href":"https:\/\/michaelbarnaart.com\/fr\/wp-json\/wp\/v2\/media?parent=27438"}],"wp:term":[{"taxonomy":"product_brand","embeddable":true,"href":"https:\/\/michaelbarnaart.com\/fr\/wp-json\/wp\/v2\/product_brand?post=27438"},{"taxonomy":"product_cat","embeddable":true,"href":"https:\/\/michaelbarnaart.com\/fr\/wp-json\/wp\/v2\/product_cat?post=27438"},{"taxonomy":"product_tag","embeddable":true,"href":"https:\/\/michaelbarnaart.com\/fr\/wp-json\/wp\/v2\/product_tag?post=27438"}],"curies":[{"name":"wp","href":"https:\/\/api.w.org\/{rel}","templated":true}]}}