{"id":27359,"date":"2018-02-26T19:35:52","date_gmt":"2018-02-26T18:35:52","guid":{"rendered":"https:\/\/michaelbarnaart.com\/product\/audrey-noir-robe-fourreau\/"},"modified":"2026-02-10T12:03:51","modified_gmt":"2026-02-10T11:03:51","slug":"audrey","status":"publish","type":"product","link":"https:\/\/michaelbarnaart.com\/fr\/produit\/audrey\/","title":{"rendered":"Audrey Noir &#8211; robe fourreau"},"content":{"rendered":"<h1>Le design surr\u00e9aliste et la silhouette simple font de cette robe fourreau un v\u00e9ritable &#8216;conversation piece&#8217;.<\/h1>\n<p>&nbsp;<\/p>\n<p>Cette &#8216;Petite Robe Noire&#8217; donne l&#8217;impression que les poches et la ceinture ont \u00e9t\u00e9 peintes sur la robe avec de la peinture. La robe fourreau a des manches courtes et est noire avec le motif trompe-l&#8217;oeil en blanc cr\u00e8me. Le haut est finement tricot\u00e9. Le bas de la robe est en double tricot et donc plus \u00e9pais en tissu. Cela garantit que la robe est id\u00e9ale pour toutes les saisons et que la partie jupe est agr\u00e9able et lisse.<\/p>\n<p>Couleur: noir et cr\u00e8me.<\/p>\n<p>Le mannequin mesure 174 cm et porte une taille 36.<\/p>\n<p>Design n\u00e9erlandais : con\u00e7u et produit aux Pays-Bas. Cette conception est r\u00e9alis\u00e9e artisanale.<\/p>\n<p><img loading=\"lazy\" decoding=\"async\" class=\"alignnone size-full wp-image-1751\" src=\"https:\/\/michaelbarnaart.com\/wp-content\/uploads\/2018\/02\/12.png\" alt=\"\" width=\"25\" height=\"25\" srcset=\"https:\/\/michaelbarnaart.com\/wp-content\/uploads\/2018\/02\/12.png 25w, https:\/\/michaelbarnaart.com\/wp-content\/uploads\/2018\/02\/12-20x20.png 20w\" sizes=\"auto, (max-width: 25px) 100vw, 25px\" \/> Haut tricot\u00e9 simple, bas tricot\u00e9 double<\/p>\n<p><img loading=\"lazy\" decoding=\"async\" class=\"alignnone size-full wp-image-1754\" src=\"https:\/\/michaelbarnaart.com\/wp-content\/uploads\/2018\/02\/sheath.png\" alt=\"\" width=\"25\" height=\"25\" srcset=\"https:\/\/michaelbarnaart.com\/wp-content\/uploads\/2018\/02\/sheath.png 25w, https:\/\/michaelbarnaart.com\/wp-content\/uploads\/2018\/02\/sheath-20x20.png 20w\" sizes=\"auto, (max-width: 25px) 100vw, 25px\" \/> Robe fourreau<\/p>\n<p>50% coton<br \/>\n50% acrylique<br \/>\nLaver \u00e0 30 degr\u00e9s.<\/p>\n<p>Gr\u00e2ce \u00e0 sa coupe confortable, la robe peut facilement \u00eatre enfil\u00e9e par la t\u00eate, sans fermeture.<\/p>\n","protected":false},"excerpt":{"rendered":"<p>Le design surr\u00e9aliste et la silhouette simple font de cette robe fourreau un v\u00e9ritable &#8216;conversation piece&#8217;. &nbsp; Cette &#8216;Petite Robe Noire&#8217; donne l&#8217;impression que les poches et la ceinture ont \u00e9t\u00e9 peintes sur la robe avec de la peinture. La robe fourreau a des manches courtes et est noire avec le motif trompe-l&#8217;oeil en blanc&hellip;<\/p>\n","protected":false},"featured_media":27360,"template":"","meta":{"_acf_changed":false},"product_brand":[],"product_cat":[1120,1128,1129,1116,1105,1122],"product_tag":[],"class_list":{"0":"post-27359","1":"product","2":"type-product","3":"status-publish","4":"has-post-thumbnail","6":"product_cat-classiques","7":"product_cat-moitie-tricote-simple-moitie-tricote-double","8":"product_cat-robe-fourreau","9":"product_cat-robes","10":"product_cat-tout","11":"product_cat-tricots","12":"pa_maat-34-fr","13":"pa_maat-36-fr","14":"pa_maat-38-fr","15":"pa_maat-40-fr","16":"pa_maat-42-fr","17":"pa_maat-44-fr","19":"first","20":"instock","21":"shipping-taxable","22":"purchasable","23":"product-type-variable","25":"catalog-layout-default","26":"columns-xs-2"},"acf":[],"_links":{"self":[{"href":"https:\/\/michaelbarnaart.com\/fr\/wp-json\/wp\/v2\/product\/27359","targetHints":{"allow":["GET"]}}],"collection":[{"href":"https:\/\/michaelbarnaart.com\/fr\/wp-json\/wp\/v2\/product"}],"about":[{"href":"https:\/\/michaelbarnaart.com\/fr\/wp-json\/wp\/v2\/types\/product"}],"wp:featuredmedia":[{"embeddable":true,"href":"https:\/\/michaelbarnaart.com\/fr\/wp-json\/wp\/v2\/media\/27360"}],"wp:attachment":[{"href":"https:\/\/michaelbarnaart.com\/fr\/wp-json\/wp\/v2\/media?parent=27359"}],"wp:term":[{"taxonomy":"product_brand","embeddable":true,"href":"https:\/\/michaelbarnaart.com\/fr\/wp-json\/wp\/v2\/product_brand?post=27359"},{"taxonomy":"product_cat","embeddable":true,"href":"https:\/\/michaelbarnaart.com\/fr\/wp-json\/wp\/v2\/product_cat?post=27359"},{"taxonomy":"product_tag","embeddable":true,"href":"https:\/\/michaelbarnaart.com\/fr\/wp-json\/wp\/v2\/product_tag?post=27359"}],"curies":[{"name":"wp","href":"https:\/\/api.w.org\/{rel}","templated":true}]}}