{"id":27346,"date":"2018-02-22T16:48:20","date_gmt":"2018-02-22T15:48:20","guid":{"rendered":"https:\/\/michaelbarnaart.com\/product\/yacha-noir-veste\/"},"modified":"2026-02-10T12:03:41","modified_gmt":"2026-02-10T11:03:41","slug":"yacha","status":"publish","type":"product","link":"https:\/\/michaelbarnaart.com\/fr\/produit\/yacha\/","title":{"rendered":"Yacha Noir &#8211; veste"},"content":{"rendered":"<h1>Le design surr\u00e9aliste et la silhouette simple font de cette veste un v\u00e9ritable &#8216;conversation piece&#8217;.<\/h1>\n<p>Cette &#8216;Petite Veste Noire&#8217; est votre nouveau favori, car ce nouveau classique est facile \u00e0 combiner avec d&#8217;autres v\u00eatements. Le motif tricot\u00e9 donne l&#8217;impression que des poches, des boutons, des boutonni\u00e8res et une ceinture ont \u00e9t\u00e9 peints sur la veste noire avec de la peinture. Le cardigan a des manches trois-quarts, sans fermeture ni poches.<\/p>\n<p>Couleur: noir et cr\u00e8me.<\/p>\n<p>Le mannequin mesure 174 cm et porte une taille 36.<\/p>\n<p>Design n\u00e9erlandais : con\u00e7u et produit aux Pays-Bas. Cette conception est r\u00e9alis\u00e9e artisanale.<\/p>\n<p>&nbsp;<\/p>\n<p><img loading=\"lazy\" decoding=\"async\" class=\"alignnone size-full wp-image-1750\" src=\"https:\/\/michaelbarnaart.com\/wp-content\/uploads\/2018\/02\/2.png\" alt=\"\" width=\"25\" height=\"25\" srcset=\"https:\/\/michaelbarnaart.com\/wp-content\/uploads\/2018\/02\/2.png 25w, https:\/\/michaelbarnaart.com\/wp-content\/uploads\/2018\/02\/2-20x20.png 20w\" sizes=\"auto, (max-width: 25px) 100vw, 25px\" \/> Double tricot<\/p>\n<p>50% coton<br \/>\n50% acrylique<br \/>\nLaver \u00e0 30 degr\u00e9s<\/p>\n","protected":false},"excerpt":{"rendered":"<p>Le design surr\u00e9aliste et la silhouette simple font de cette veste un v\u00e9ritable &#8216;conversation piece&#8217;. Cette &#8216;Petite Veste Noire&#8217; est votre nouveau favori, car ce nouveau classique est facile \u00e0 combiner avec d&#8217;autres v\u00eatements. Le motif tricot\u00e9 donne l&#8217;impression que des poches, des boutons, des boutonni\u00e8res et une ceinture ont \u00e9t\u00e9 peints sur la veste&hellip;<\/p>\n","protected":false},"featured_media":27347,"template":"","meta":{"_acf_changed":false},"product_brand":[],"product_cat":[1120,1121,1105,1122,1123],"product_tag":[],"class_list":{"0":"post-27346","1":"product","2":"type-product","3":"status-publish","4":"has-post-thumbnail","6":"product_cat-classiques","7":"product_cat-double-tricot-tissu-epais","8":"product_cat-tout","9":"product_cat-tricots","10":"product_cat-vestes-gilets","11":"pa_maat-36-fr","12":"pa_maat-38-fr","13":"pa_maat-40-fr","14":"pa_maat-42-fr","15":"pa_maat-44-fr","17":"first","18":"instock","19":"shipping-taxable","20":"purchasable","21":"product-type-variable","23":"catalog-layout-default","24":"columns-xs-2"},"acf":[],"_links":{"self":[{"href":"https:\/\/michaelbarnaart.com\/fr\/wp-json\/wp\/v2\/product\/27346","targetHints":{"allow":["GET"]}}],"collection":[{"href":"https:\/\/michaelbarnaart.com\/fr\/wp-json\/wp\/v2\/product"}],"about":[{"href":"https:\/\/michaelbarnaart.com\/fr\/wp-json\/wp\/v2\/types\/product"}],"wp:featuredmedia":[{"embeddable":true,"href":"https:\/\/michaelbarnaart.com\/fr\/wp-json\/wp\/v2\/media\/27347"}],"wp:attachment":[{"href":"https:\/\/michaelbarnaart.com\/fr\/wp-json\/wp\/v2\/media?parent=27346"}],"wp:term":[{"taxonomy":"product_brand","embeddable":true,"href":"https:\/\/michaelbarnaart.com\/fr\/wp-json\/wp\/v2\/product_brand?post=27346"},{"taxonomy":"product_cat","embeddable":true,"href":"https:\/\/michaelbarnaart.com\/fr\/wp-json\/wp\/v2\/product_cat?post=27346"},{"taxonomy":"product_tag","embeddable":true,"href":"https:\/\/michaelbarnaart.com\/fr\/wp-json\/wp\/v2\/product_tag?post=27346"}],"curies":[{"name":"wp","href":"https:\/\/api.w.org\/{rel}","templated":true}]}}