{"id":27303,"date":"2024-03-20T13:52:06","date_gmt":"2024-03-20T12:52:13","guid":{"rendered":"https:\/\/michaelbarnaart.com\/?post_type=product&#038;p=27303"},"modified":"2024-03-20T14:12:38","modified_gmt":"2024-03-20T13:12:38","slug":"camille-robe-chemisier-kopie-2","status":"publish","type":"product","link":"https:\/\/michaelbarnaart.com\/fr\/produit\/camille-robe-chemisier-kopie-2\/","title":{"rendered":"Margaux &#8211; robe chemisier"},"content":{"rendered":"<p>La robe chemisier Margaux pr\u00e9sente une silhouette \u00e9vas\u00e9e, une fermeture \u00e0 boutons dissimul\u00e9s et des poches dans la couture lat\u00e9rale. Le motif est un tissage de formes g\u00e9om\u00e9triques dans des couleurs vives pour un effet joyeux. Ce mod\u00e8le tombe librement autour du corps et peut \u00eatre ajust\u00e9 \u00e0 l&#8217;aide du ruban de taille inclus. Le tissu l\u00e9ger et la silhouette a\u00e9r\u00e9e rendent cette robe id\u00e9ale pour les journ\u00e9es d&#8217;\u00e9t\u00e9 et les soir\u00e9es chaudes. Cette robe poss\u00e8de les qualit\u00e9s d&#8217;un tissu de voyage (confortable, extensible, non r\u00e9tr\u00e9cissant, facilement lavable et s\u00e9chant rapidement), mais elle est \u00e9galement fabriqu\u00e9e de mani\u00e8re durable \u00e0 partir de bouteilles en PET !<\/p>\n<p>Ce mod\u00e8le est unique et en \u00e9dition limit\u00e9e.<\/p>\n<p><em>Imprimer:<\/em> geocheck<\/p>\n<p><em>Couleur:<\/em> nuances de vert, de noir, de rose et de jaune dor\u00e9.<\/p>\n<p><em>Mannequin:<\/em> \u00c9milie mesure 175 cm et porte une taille 36. La longueur du dos de la taille 40 est de 107,5 cm.<\/p>\n<p><em>Production:<\/em> durable et artisanale en Europe<\/p>\n<p><em>Mati\u00e8re:<\/em> 100% polyester recycl\u00e9 (rPET)<\/p>\n<p><em>Conseils de lavage:<\/em> laver \u00e0 30 degr\u00e9s<\/p>\n<p><a class=\"\" href=\"https:\/\/michaelbarnaart.com\/klantenservice\/\" target=\"_blank\" rel=\"noopener\">Pour plus d&#8217;informations sur les tailles et les coupes, cliquez ici.<\/a><\/p>\n<p>&nbsp;<\/p>\n","protected":false},"excerpt":{"rendered":"<p>La robe chemisier Margaux pr\u00e9sente une silhouette \u00e9vas\u00e9e, une fermeture \u00e0 boutons dissimul\u00e9s et des poches dans la couture lat\u00e9rale. Le motif est un tissage de formes g\u00e9om\u00e9triques dans des couleurs vives pour un effet joyeux. Ce mod\u00e8le tombe librement autour du corps et peut \u00eatre ajust\u00e9 \u00e0 l&#8217;aide du ruban de taille inclus. Le&hellip;<\/p>\n","protected":false},"featured_media":27312,"template":"","meta":{"_acf_changed":false},"product_brand":[],"product_cat":[1108,1116,1106,1115,1153,1105],"product_tag":[],"class_list":{"0":"post-27303","1":"product","2":"type-product","3":"status-publish","4":"has-post-thumbnail","6":"product_cat-circulaire","7":"product_cat-robes","8":"product_cat-saison","9":"product_cat-silhouette-evasee","10":"product_cat-soldes","11":"product_cat-tout","12":"pa_maat-34-fr","13":"pa_maat-36-fr","14":"pa_maat-38-fr","15":"pa_maat-40-fr","16":"pa_maat-42-fr","17":"pa_maat-44-fr","19":"first","20":"outofstock","21":"sale","22":"shipping-taxable","23":"purchasable","24":"product-type-variable","26":"catalog-layout-default","27":"columns-xs-2"},"acf":[],"_links":{"self":[{"href":"https:\/\/michaelbarnaart.com\/fr\/wp-json\/wp\/v2\/product\/27303","targetHints":{"allow":["GET"]}}],"collection":[{"href":"https:\/\/michaelbarnaart.com\/fr\/wp-json\/wp\/v2\/product"}],"about":[{"href":"https:\/\/michaelbarnaart.com\/fr\/wp-json\/wp\/v2\/types\/product"}],"wp:featuredmedia":[{"embeddable":true,"href":"https:\/\/michaelbarnaart.com\/fr\/wp-json\/wp\/v2\/media\/27312"}],"wp:attachment":[{"href":"https:\/\/michaelbarnaart.com\/fr\/wp-json\/wp\/v2\/media?parent=27303"}],"wp:term":[{"taxonomy":"product_brand","embeddable":true,"href":"https:\/\/michaelbarnaart.com\/fr\/wp-json\/wp\/v2\/product_brand?post=27303"},{"taxonomy":"product_cat","embeddable":true,"href":"https:\/\/michaelbarnaart.com\/fr\/wp-json\/wp\/v2\/product_cat?post=27303"},{"taxonomy":"product_tag","embeddable":true,"href":"https:\/\/michaelbarnaart.com\/fr\/wp-json\/wp\/v2\/product_tag?post=27303"}],"curies":[{"name":"wp","href":"https:\/\/api.w.org\/{rel}","templated":true}]}}