{"id":27149,"date":"2024-03-08T12:42:48","date_gmt":"2024-03-08T11:42:48","guid":{"rendered":"https:\/\/michaelbarnaart.com\/product\/camille-robe-chemisier\/"},"modified":"2024-03-08T13:07:51","modified_gmt":"2024-03-08T12:07:51","slug":"camille-robe-chemisier","status":"publish","type":"product","link":"https:\/\/michaelbarnaart.com\/fr\/produit\/camille-robe-chemisier\/","title":{"rendered":"Camille &#8211; robe chemisier"},"content":{"rendered":"<p>La robe chemisier Camille pr\u00e9sente une silhouette \u00e9vas\u00e9e, une fermeture \u00e0 boutons dissimul\u00e9s et des poches dans la couture lat\u00e9rale. Ce mod\u00e8le tombe librement autour du corps et peut \u00eatre ajust\u00e9 \u00e0 l&#8217;aide du ruban de taille inclus. Cette robe poss\u00e8de les qualit\u00e9s d&#8217;un tissu de voyage (confortable, extensible, non r\u00e9tr\u00e9cissant, facilement lavable et s\u00e9chant rapidement), mais elle est \u00e9galement fabriqu\u00e9e de mani\u00e8re durable \u00e0 partir de bouteilles en PET !<\/p>\n<p>Le motif cachemire est originaire de Perse. Au XIXe si\u00e8cle, ce mod\u00e8le est devenu populaire au Royaume-Uni. C&#8217;est ainsi que les fabricants de textiles \u00e9cossais de la ville de Paisley ont commenc\u00e9 \u00e0 produire ce motif,<span data-offset-key=\"2d6at-0-0\">qui est devenu un ph\u00e9nom\u00e8ne de mode mondial <\/span> <span data-offset-key=\"2d6at-0-0\">Un voyage de l&#8217;allure orientale \u00e0 l&#8217;\u00e9l\u00e9gance occidentale.<\/span><\/p>\n<p>Ce mod\u00e8le est unique et en \u00e9dition limit\u00e9e.<\/p>\n<p><em>Motif:<\/em> paisley<\/p>\n<p><em>Couleur:<\/em> rouge, or, blanc<\/p>\n<p><em>Mannequin:<\/em> \u00c9milie mesure 175 cm et porte une taille 36. La longueur du dos de la taille 40 est de 107,5 cm.<\/p>\n<p><em>Production:<\/em> durable et artisanale en Europe<\/p>\n<p><em>Mati\u00e8re:<\/em> 100% polyester recycl\u00e9 (rPET)<\/p>\n<p><em>Conseils de lavage:<\/em> laver \u00e0 30 degr\u00e9s<\/p>\n<p><a class=\"\" href=\"https:\/\/michaelbarnaart.com\/klantenservice\/\" target=\"_blank\" rel=\"noopener\">Pour plus d&#8217;informations sur les tailles et les coupes, cliquez ici.<\/a><\/p>\n<p>&nbsp;<\/p>\n","protected":false},"excerpt":{"rendered":"<p>La robe chemisier Camille pr\u00e9sente une silhouette \u00e9vas\u00e9e, une fermeture \u00e0 boutons dissimul\u00e9s et des poches dans la couture lat\u00e9rale. Ce mod\u00e8le tombe librement autour du corps et peut \u00eatre ajust\u00e9 \u00e0 l&#8217;aide du ruban de taille inclus. Cette robe poss\u00e8de les qualit\u00e9s d&#8217;un tissu de voyage (confortable, extensible, non r\u00e9tr\u00e9cissant, facilement lavable et s\u00e9chant&hellip;<\/p>\n","protected":false},"featured_media":27378,"template":"","meta":{"_acf_changed":false},"product_brand":[],"product_cat":[1153],"product_tag":[],"class_list":{"0":"post-27149","1":"product","2":"type-product","3":"status-publish","4":"has-post-thumbnail","6":"product_cat-soldes","7":"pa_maat-34-fr","8":"pa_maat-36-fr","9":"pa_maat-38-fr","10":"pa_maat-40-fr","11":"pa_maat-42-fr","12":"pa_maat-44-fr","14":"first","15":"outofstock","16":"sale","17":"shipping-taxable","18":"purchasable","19":"product-type-variable","21":"catalog-layout-default","22":"columns-xs-2"},"acf":[],"_links":{"self":[{"href":"https:\/\/michaelbarnaart.com\/fr\/wp-json\/wp\/v2\/product\/27149","targetHints":{"allow":["GET"]}}],"collection":[{"href":"https:\/\/michaelbarnaart.com\/fr\/wp-json\/wp\/v2\/product"}],"about":[{"href":"https:\/\/michaelbarnaart.com\/fr\/wp-json\/wp\/v2\/types\/product"}],"wp:featuredmedia":[{"embeddable":true,"href":"https:\/\/michaelbarnaart.com\/fr\/wp-json\/wp\/v2\/media\/27378"}],"wp:attachment":[{"href":"https:\/\/michaelbarnaart.com\/fr\/wp-json\/wp\/v2\/media?parent=27149"}],"wp:term":[{"taxonomy":"product_brand","embeddable":true,"href":"https:\/\/michaelbarnaart.com\/fr\/wp-json\/wp\/v2\/product_brand?post=27149"},{"taxonomy":"product_cat","embeddable":true,"href":"https:\/\/michaelbarnaart.com\/fr\/wp-json\/wp\/v2\/product_cat?post=27149"},{"taxonomy":"product_tag","embeddable":true,"href":"https:\/\/michaelbarnaart.com\/fr\/wp-json\/wp\/v2\/product_tag?post=27149"}],"curies":[{"name":"wp","href":"https:\/\/api.w.org\/{rel}","templated":true}]}}