{"id":26667,"date":"2024-02-12T21:09:15","date_gmt":"2024-02-12T20:09:21","guid":{"rendered":"https:\/\/michaelbarnaart.com\/?post_type=product&#038;p=26667"},"modified":"2024-12-29T19:35:28","modified_gmt":"2024-12-29T18:35:28","slug":"renarde","status":"publish","type":"product","link":"https:\/\/michaelbarnaart.com\/fr\/produit\/renarde\/","title":{"rendered":"Renarde &#8211; robe portefeuille"},"content":{"rendered":"<p>Pour cette robe portefeuille, Michael Barnaart a con\u00e7u un imprim\u00e9 qui associe une g\u00e9om\u00e9trie structur\u00e9e \u00e0 un imprim\u00e9 animalier organique. La silhouette et l&#8217;\u00e9clat de cet imprim\u00e9 graphique rappellent \u00e9galement les ann\u00e9es 1970. La robe portefeuille Renarde a de larges revers, d&#8217;\u00e9l\u00e9gantes manches trois-quarts (avec une fente pour les relever) et des poches dans la couture lat\u00e9rale. La robe portefeuille est noire et blanche et peut donc \u00eatre combin\u00e9e sans effort avec d&#8217;autres couleurs. Le tissu poss\u00e8de les qualit\u00e9s d&#8217;un tissu de voyage (confortable, extensible, non r\u00e9tr\u00e9cissant, facilement lavable et s\u00e9chant rapidement), mais il est \u00e9galement fabriqu\u00e9 de mani\u00e8re durable \u00e0 partir de bouteilles en PET. Ce mod\u00e8le est unique et en \u00e9dition limit\u00e9e.<\/p>\n<p><em>Dessin:<\/em> animalangulaire<\/p>\n<p><em>Couleur :<\/em> noir et blanc<\/p>\n<p><em>Mod\u00e8le : <\/em> \u00c9milie mesure 175 cm et porte une taille 36<\/p>\n<p><em>Production:<\/em> durable et artisanale en Europe<\/p>\n<p><em>Mati\u00e8re:<\/em> 100% polyester recycl\u00e9 (rPET)<\/p>\n<p><em>Conseils de lavage:<\/em> laver \u00e0 30 degr\u00e9s<\/p>\n","protected":false},"excerpt":{"rendered":"<p>Pour cette robe portefeuille, Michael Barnaart a con\u00e7u un imprim\u00e9 qui associe une g\u00e9om\u00e9trie structur\u00e9e \u00e0 un imprim\u00e9 animalier organique. La silhouette et l&#8217;\u00e9clat de cet imprim\u00e9 graphique rappellent \u00e9galement les ann\u00e9es 1970. La robe portefeuille Renarde a de larges revers, d&#8217;\u00e9l\u00e9gantes manches trois-quarts (avec une fente pour les relever) et des poches dans la&hellip;<\/p>\n","protected":false},"featured_media":27072,"template":"","meta":{"_acf_changed":false},"product_brand":[],"product_cat":[1108,1176,1116,1106,1153,1105],"product_tag":[],"class_list":{"0":"post-26667","1":"product","2":"type-product","3":"status-publish","4":"has-post-thumbnail","6":"product_cat-circulaire","7":"product_cat-polyester-stretch","8":"product_cat-robes","9":"product_cat-saison","10":"product_cat-soldes","11":"product_cat-tout","12":"pa_maat-34-fr","13":"pa_maat-36-fr","14":"pa_maat-38-fr","15":"pa_maat-40-fr","16":"pa_maat-42-fr","17":"pa_maat-44-fr","19":"first","20":"outofstock","21":"sale","22":"shipping-taxable","23":"purchasable","24":"product-type-variable","26":"catalog-layout-default","27":"columns-xs-2"},"acf":[],"_links":{"self":[{"href":"https:\/\/michaelbarnaart.com\/fr\/wp-json\/wp\/v2\/product\/26667","targetHints":{"allow":["GET"]}}],"collection":[{"href":"https:\/\/michaelbarnaart.com\/fr\/wp-json\/wp\/v2\/product"}],"about":[{"href":"https:\/\/michaelbarnaart.com\/fr\/wp-json\/wp\/v2\/types\/product"}],"wp:featuredmedia":[{"embeddable":true,"href":"https:\/\/michaelbarnaart.com\/fr\/wp-json\/wp\/v2\/media\/27072"}],"wp:attachment":[{"href":"https:\/\/michaelbarnaart.com\/fr\/wp-json\/wp\/v2\/media?parent=26667"}],"wp:term":[{"taxonomy":"product_brand","embeddable":true,"href":"https:\/\/michaelbarnaart.com\/fr\/wp-json\/wp\/v2\/product_brand?post=26667"},{"taxonomy":"product_cat","embeddable":true,"href":"https:\/\/michaelbarnaart.com\/fr\/wp-json\/wp\/v2\/product_cat?post=26667"},{"taxonomy":"product_tag","embeddable":true,"href":"https:\/\/michaelbarnaart.com\/fr\/wp-json\/wp\/v2\/product_tag?post=26667"}],"curies":[{"name":"wp","href":"https:\/\/api.w.org\/{rel}","templated":true}]}}