{"id":26175,"date":"2024-01-21T12:43:45","date_gmt":"2024-01-21T11:43:45","guid":{"rendered":"https:\/\/michaelbarnaart.com\/?post_type=product&#038;p=26175"},"modified":"2024-06-25T00:14:09","modified_gmt":"2024-06-24T22:14:09","slug":"feline","status":"publish","type":"product","link":"https:\/\/michaelbarnaart.com\/fr\/produit\/feline\/","title":{"rendered":"Feline &#8211; robe portefeuille"},"content":{"rendered":"<p>La robe portefeuille Feline a de larges revers, d&#8217;\u00e9l\u00e9gantes manches trois-quarts (avec une fente pour les relever) et des poches dans la couture lat\u00e9rale. Cet imprim\u00e9 panth\u00e8re est compos\u00e9 de bleu fonc\u00e9 et de bleu royal comme base et de rouge cerise comme couleur d&#8217;accentuation frappante. Ce design est donc joyeux et \u00e9l\u00e9gant, et attire l&#8217;attention en toute occasion! Le dessin a \u00e9t\u00e9 con\u00e7u par Michael Barnaart. Le tissu poss\u00e8de les qualit\u00e9s d&#8217;un tissu de voyage (confortable, extensible, non r\u00e9tr\u00e9cissant, facilement lavable et s\u00e9chant rapidement), mais il est \u00e9galement fabriqu\u00e9 de mani\u00e8re durable \u00e0 partir de bouteilles en PET. Ce mod\u00e8le est unique et en \u00e9dition limit\u00e9e.<\/p>\n<p><em>Motif:<\/em> l\u00e9opard<\/p>\n<p><em>Couleur:<\/em> bleu nuit, bleu royal et rouge cerise<\/p>\n<p><em>Mod\u00e8le:<\/em> taille 36<\/p>\n<p><em>Production:<\/em> durable et artisanale en Europe<\/p>\n<p><em>Mati\u00e8re:<\/em> 100% polyester recycl\u00e9 (rPET)<\/p>\n<p><em>Conseils de lavage:<\/em> laver \u00e0 30 degr\u00e9s<\/p>\n","protected":false},"excerpt":{"rendered":"<p>La robe portefeuille Feline a de larges revers, d&#8217;\u00e9l\u00e9gantes manches trois-quarts (avec une fente pour les relever) et des poches dans la couture lat\u00e9rale. Cet imprim\u00e9 panth\u00e8re est compos\u00e9 de bleu fonc\u00e9 et de bleu royal comme base et de rouge cerise comme couleur d&#8217;accentuation frappante. Ce design est donc joyeux et \u00e9l\u00e9gant, et attire&hellip;<\/p>\n","protected":false},"featured_media":27036,"template":"","meta":{"_acf_changed":false},"product_brand":[],"product_cat":[1154],"product_tag":[],"class_list":{"0":"post-26175","1":"product","2":"type-product","3":"status-publish","4":"has-post-thumbnail","6":"product_cat-non-classe","7":"pa_maat-36-fr","8":"pa_maat-38-fr","9":"pa_maat-40-fr","10":"pa_maat-42-fr","11":"pa_maat-44-fr","13":"first","14":"outofstock","15":"sale","16":"shipping-taxable","17":"purchasable","18":"product-type-variable","20":"catalog-layout-default","21":"columns-xs-2"},"acf":[],"_links":{"self":[{"href":"https:\/\/michaelbarnaart.com\/fr\/wp-json\/wp\/v2\/product\/26175","targetHints":{"allow":["GET"]}}],"collection":[{"href":"https:\/\/michaelbarnaart.com\/fr\/wp-json\/wp\/v2\/product"}],"about":[{"href":"https:\/\/michaelbarnaart.com\/fr\/wp-json\/wp\/v2\/types\/product"}],"wp:featuredmedia":[{"embeddable":true,"href":"https:\/\/michaelbarnaart.com\/fr\/wp-json\/wp\/v2\/media\/27036"}],"wp:attachment":[{"href":"https:\/\/michaelbarnaart.com\/fr\/wp-json\/wp\/v2\/media?parent=26175"}],"wp:term":[{"taxonomy":"product_brand","embeddable":true,"href":"https:\/\/michaelbarnaart.com\/fr\/wp-json\/wp\/v2\/product_brand?post=26175"},{"taxonomy":"product_cat","embeddable":true,"href":"https:\/\/michaelbarnaart.com\/fr\/wp-json\/wp\/v2\/product_cat?post=26175"},{"taxonomy":"product_tag","embeddable":true,"href":"https:\/\/michaelbarnaart.com\/fr\/wp-json\/wp\/v2\/product_tag?post=26175"}],"curies":[{"name":"wp","href":"https:\/\/api.w.org\/{rel}","templated":true}]}}