{"id":25692,"date":"2023-11-25T15:33:14","date_gmt":"2023-11-25T14:33:14","guid":{"rendered":"https:\/\/michaelbarnaart.com\/?post_type=product&#038;p=25692"},"modified":"2024-05-17T14:10:49","modified_gmt":"2024-05-17T12:10:49","slug":"ferrara","status":"publish","type":"product","link":"https:\/\/michaelbarnaart.com\/fr\/produit\/ferrara\/","title":{"rendered":"Ferrara &#8211; robe portefeuille"},"content":{"rendered":"<p>La robe portefeuille Ferrara a de larges revers, d&#8217;\u00e9l\u00e9gantes manches trois-quarts (avec une fente pour les relever) et des poches dans la couture lat\u00e9rale. Ce dessin est dynamique, avec beaucoup d&#8217;\u00e9nergie et des lignes puissantes. Le dessin a \u00e9t\u00e9 con\u00e7u par Michael Barnaart. Le tissu poss\u00e8de les qualit\u00e9s d&#8217;un tissu de voyage (confortable, extensible, non r\u00e9tr\u00e9cissant, facilement lavable et s\u00e9chant rapidement), mais il est \u00e9galement fabriqu\u00e9 de mani\u00e8re durable \u00e0 partir de bouteilles en PET. Ce mod\u00e8le est unique et en \u00e9dition limit\u00e9e.<\/p>\n<p><em>Dessin:<\/em> futurisme<\/p>\n<p><em>Couleur:<\/em> bleu, violet, lilas, or<\/p>\n<p><em>Mod\u00e8le:<\/em> taille 36<\/p>\n<p><em>Production:<\/em> durable et artisanale en Europe<\/p>\n<p><em>Mati\u00e8re:<\/em> 100% polyester recycl\u00e9 (rPET)<\/p>\n<p><em>Conseils de lavage:<\/em> laver \u00e0 30 degr\u00e9s<\/p>\n","protected":false},"excerpt":{"rendered":"<p>La robe portefeuille Ferrara a de larges revers, d&#8217;\u00e9l\u00e9gantes manches trois-quarts (avec une fente pour les relever) et des poches dans la couture lat\u00e9rale. Ce dessin est dynamique, avec beaucoup d&#8217;\u00e9nergie et des lignes puissantes. Le dessin a \u00e9t\u00e9 con\u00e7u par Michael Barnaart. Le tissu poss\u00e8de les qualit\u00e9s d&#8217;un tissu de voyage (confortable, extensible, non&hellip;<\/p>\n","protected":false},"featured_media":27018,"template":"","meta":{"_acf_changed":false},"product_brand":[],"product_cat":[1154,1153],"product_tag":[],"class_list":{"0":"post-25692","1":"product","2":"type-product","3":"status-publish","4":"has-post-thumbnail","6":"product_cat-non-classe","7":"product_cat-soldes","8":"pa_maat-34-fr","9":"pa_maat-36-fr","10":"pa_maat-38-fr","11":"pa_maat-40-fr","12":"pa_maat-42-fr","13":"pa_maat-44-fr","15":"first","16":"instock","17":"sale","18":"shipping-taxable","19":"purchasable","20":"product-type-variable","22":"catalog-layout-default","23":"columns-xs-2"},"acf":[],"_links":{"self":[{"href":"https:\/\/michaelbarnaart.com\/fr\/wp-json\/wp\/v2\/product\/25692","targetHints":{"allow":["GET"]}}],"collection":[{"href":"https:\/\/michaelbarnaart.com\/fr\/wp-json\/wp\/v2\/product"}],"about":[{"href":"https:\/\/michaelbarnaart.com\/fr\/wp-json\/wp\/v2\/types\/product"}],"wp:featuredmedia":[{"embeddable":true,"href":"https:\/\/michaelbarnaart.com\/fr\/wp-json\/wp\/v2\/media\/27018"}],"wp:attachment":[{"href":"https:\/\/michaelbarnaart.com\/fr\/wp-json\/wp\/v2\/media?parent=25692"}],"wp:term":[{"taxonomy":"product_brand","embeddable":true,"href":"https:\/\/michaelbarnaart.com\/fr\/wp-json\/wp\/v2\/product_brand?post=25692"},{"taxonomy":"product_cat","embeddable":true,"href":"https:\/\/michaelbarnaart.com\/fr\/wp-json\/wp\/v2\/product_cat?post=25692"},{"taxonomy":"product_tag","embeddable":true,"href":"https:\/\/michaelbarnaart.com\/fr\/wp-json\/wp\/v2\/product_tag?post=25692"}],"curies":[{"name":"wp","href":"https:\/\/api.w.org\/{rel}","templated":true}]}}