{"id":25559,"date":"2023-11-22T17:06:35","date_gmt":"2023-11-22T16:06:35","guid":{"rendered":"https:\/\/michaelbarnaart.com\/?post_type=product&#038;p=25559"},"modified":"2024-05-17T14:12:45","modified_gmt":"2024-05-17T12:12:45","slug":"verona","status":"publish","type":"product","link":"https:\/\/michaelbarnaart.com\/fr\/produit\/verona\/","title":{"rendered":"Verona &#8211; chemisier"},"content":{"rendered":"<p>Le chemisier Verona pr\u00e9sente un imprim\u00e9 dynamique avec beaucoup d&#8217;\u00e9nergie et des lignes puissantes. Le dessin a \u00e9t\u00e9 con\u00e7u par Michael Barnaart. La fermeture \u00e0 boutons est invisible, ce qui donne un aspect luxueux et net. Ce chemisier poss\u00e8de les qualit\u00e9s d&#8217;un tissu de voyage (confortable, extensible, non r\u00e9tr\u00e9cissant, facilement lavable et s\u00e9chant rapidement), mais il est \u00e9galement fabriqu\u00e9 de mani\u00e8re durable \u00e0 partir de bouteilles en PET. Ainsi, vous ne les enl\u00e8verez plus jamais ! Ce mod\u00e8le est tr\u00e8s facile \u00e0 porter de diff\u00e9rentes mani\u00e8res, car il suffit de penser \u00e0 la beaut\u00e9 qu&#8217;il procure avec un simple costume. Ou tout simplement d\u00e9contract\u00e9 sur un jean !<\/p>\n<p>Le chemisier Verona s&#8217;ajuste librement \u00e0 votre corps. Ce mod\u00e8le est unique et en \u00e9dition limit\u00e9e.<\/p>\n<p><em>Dessin:<\/em> futurisme<\/p>\n<p><em>Couleur:<\/em> vert \u00e9meraude, bleu, \u00e9cru, pistache, or<\/p>\n<p><em>Mod\u00e8le:<\/em> taille 36<\/p>\n<p><em>Production:<\/em> durable et artisanale en Europe<\/p>\n<p><em>Mati\u00e8re:<\/em> 100% polyester recycl\u00e9 (rPET)<\/p>\n<p><em>Conseils de lavage:<\/em> laver \u00e0 30 degr\u00e9s<\/p>\n<p><a class=\"\" href=\"https:\/\/michaelbarnaart.com\/klantenservice\/\" target=\"_blank\" rel=\"noopener\">Pour plus d&#8217;informations sur les tailles et les coupes, cliquez ici.<\/a><\/p>\n","protected":false},"excerpt":{"rendered":"<p>Le chemisier Verona pr\u00e9sente un imprim\u00e9 dynamique avec beaucoup d&#8217;\u00e9nergie et des lignes puissantes. Le dessin a \u00e9t\u00e9 con\u00e7u par Michael Barnaart. La fermeture \u00e0 boutons est invisible, ce qui donne un aspect luxueux et net. Ce chemisier poss\u00e8de les qualit\u00e9s d&#8217;un tissu de voyage (confortable, extensible, non r\u00e9tr\u00e9cissant, facilement lavable et s\u00e9chant rapidement), mais&hellip;<\/p>\n","protected":false},"featured_media":27530,"template":"","meta":{"_acf_changed":false},"product_brand":[],"product_cat":[1153],"product_tag":[],"class_list":{"0":"post-25559","1":"product","2":"type-product","3":"status-publish","4":"has-post-thumbnail","6":"product_cat-soldes","7":"pa_maat-34-fr","8":"pa_maat-36-fr","9":"pa_maat-38-fr","10":"pa_maat-40-fr","11":"pa_maat-42-fr","12":"pa_maat-44-fr","14":"first","15":"instock","16":"sale","17":"shipping-taxable","18":"purchasable","19":"product-type-variable","21":"catalog-layout-default","22":"columns-xs-2"},"acf":[],"_links":{"self":[{"href":"https:\/\/michaelbarnaart.com\/fr\/wp-json\/wp\/v2\/product\/25559","targetHints":{"allow":["GET"]}}],"collection":[{"href":"https:\/\/michaelbarnaart.com\/fr\/wp-json\/wp\/v2\/product"}],"about":[{"href":"https:\/\/michaelbarnaart.com\/fr\/wp-json\/wp\/v2\/types\/product"}],"wp:featuredmedia":[{"embeddable":true,"href":"https:\/\/michaelbarnaart.com\/fr\/wp-json\/wp\/v2\/media\/27530"}],"wp:attachment":[{"href":"https:\/\/michaelbarnaart.com\/fr\/wp-json\/wp\/v2\/media?parent=25559"}],"wp:term":[{"taxonomy":"product_brand","embeddable":true,"href":"https:\/\/michaelbarnaart.com\/fr\/wp-json\/wp\/v2\/product_brand?post=25559"},{"taxonomy":"product_cat","embeddable":true,"href":"https:\/\/michaelbarnaart.com\/fr\/wp-json\/wp\/v2\/product_cat?post=25559"},{"taxonomy":"product_tag","embeddable":true,"href":"https:\/\/michaelbarnaart.com\/fr\/wp-json\/wp\/v2\/product_tag?post=25559"}],"curies":[{"name":"wp","href":"https:\/\/api.w.org\/{rel}","templated":true}]}}