{"id":25520,"date":"2023-11-22T16:42:44","date_gmt":"2023-11-22T15:42:44","guid":{"rendered":"https:\/\/michaelbarnaart.com\/?post_type=product&#038;p=25520"},"modified":"2025-11-18T10:56:23","modified_gmt":"2025-11-18T09:56:23","slug":"forli","status":"publish","type":"product","link":"https:\/\/michaelbarnaart.com\/fr\/produit\/forli\/","title":{"rendered":"Forli &#8211; chemisier"},"content":{"rendered":"<p>Le chemisier Forli pr\u00e9sente un imprim\u00e9 dynamique avec beaucoup d&#8217;\u00e9nergie et des lignes puissantes. Le dessin a \u00e9t\u00e9 con\u00e7u par Michael Barnaart. La fermeture \u00e0 boutons est invisible, ce qui donne un aspect luxueux et net. Ce chemisier poss\u00e8de les qualit\u00e9s d&#8217;un tissu de voyage (confortable, extensible, non r\u00e9tr\u00e9cissant, facilement lavable et s\u00e9chant rapidement), mais il est \u00e9galement fabriqu\u00e9 de mani\u00e8re durable \u00e0 partir de bouteilles en PET. Ainsi, vous ne les enl\u00e8verez plus jamais ! Ce mod\u00e8le est tr\u00e8s facile \u00e0 porter de diff\u00e9rentes mani\u00e8res, car il suffit de penser \u00e0 la beaut\u00e9 qu&#8217;il procure avec un simple costume. Ou tout simplement d\u00e9contract\u00e9 sur un jean !<\/p>\n<p>La blouse Forli tombe librement autour du corps. Ce mod\u00e8le est une \u00e9dition unique et limit\u00e9e.<\/p>\n<p><em>Dessin:<\/em> futurisme<\/p>\n<p><em>Couleur:<\/em> bleu, violet, lilas, or<\/p>\n<p><em>Mod\u00e8le:<\/em> taille 36<\/p>\n<p>Production : durable et artisanale, fabriqu\u00e9e en Europe<\/p>\n<p>Mat\u00e9riau : 100 % polyester recycl\u00e9 (rPET)<\/p>\n<p><em>Conseils de lavage:<\/em> laver \u00e0 30 degr\u00e9s<\/p>\n<p><a class=\"\" href=\"https:\/\/michaelbarnaart.com\/fr\/service-clientele\/\" target=\"_blank\" rel=\"noopener\">Pour plus d&#8217;informations sur les tailles et les coupes, cliquez ici.<\/a><\/p>\n","protected":false},"excerpt":{"rendered":"<p>Le chemisier Forli pr\u00e9sente un imprim\u00e9 dynamique avec beaucoup d&#8217;\u00e9nergie et des lignes puissantes. Le dessin a \u00e9t\u00e9 con\u00e7u par Michael Barnaart. La fermeture \u00e0 boutons est invisible, ce qui donne un aspect luxueux et net. Ce chemisier poss\u00e8de les qualit\u00e9s d&#8217;un tissu de voyage (confortable, extensible, non r\u00e9tr\u00e9cissant, facilement lavable et s\u00e9chant rapidement), mais&hellip;<\/p>\n","protected":false},"featured_media":27024,"template":"","meta":{"_acf_changed":false},"product_brand":[],"product_cat":[1154,1153],"product_tag":[],"class_list":{"0":"post-25520","1":"product","2":"type-product","3":"status-publish","4":"has-post-thumbnail","6":"product_cat-non-classe","7":"product_cat-soldes","8":"pa_maat-34-fr","9":"pa_maat-36-fr","10":"pa_maat-38-fr","11":"pa_maat-40-fr","12":"pa_maat-42-fr","13":"pa_maat-44-fr","15":"first","16":"instock","17":"sale","18":"shipping-taxable","19":"purchasable","20":"product-type-variable","22":"catalog-layout-default","23":"columns-xs-2"},"acf":[],"_links":{"self":[{"href":"https:\/\/michaelbarnaart.com\/fr\/wp-json\/wp\/v2\/product\/25520","targetHints":{"allow":["GET"]}}],"collection":[{"href":"https:\/\/michaelbarnaart.com\/fr\/wp-json\/wp\/v2\/product"}],"about":[{"href":"https:\/\/michaelbarnaart.com\/fr\/wp-json\/wp\/v2\/types\/product"}],"wp:featuredmedia":[{"embeddable":true,"href":"https:\/\/michaelbarnaart.com\/fr\/wp-json\/wp\/v2\/media\/27024"}],"wp:attachment":[{"href":"https:\/\/michaelbarnaart.com\/fr\/wp-json\/wp\/v2\/media?parent=25520"}],"wp:term":[{"taxonomy":"product_brand","embeddable":true,"href":"https:\/\/michaelbarnaart.com\/fr\/wp-json\/wp\/v2\/product_brand?post=25520"},{"taxonomy":"product_cat","embeddable":true,"href":"https:\/\/michaelbarnaart.com\/fr\/wp-json\/wp\/v2\/product_cat?post=25520"},{"taxonomy":"product_tag","embeddable":true,"href":"https:\/\/michaelbarnaart.com\/fr\/wp-json\/wp\/v2\/product_tag?post=25520"}],"curies":[{"name":"wp","href":"https:\/\/api.w.org\/{rel}","templated":true}]}}