{"id":24835,"date":"2023-10-31T16:05:19","date_gmt":"2023-10-31T15:05:19","guid":{"rendered":"https:\/\/michaelbarnaart.com\/product\/broche-abeille-numerotee\/"},"modified":"2024-05-22T13:17:49","modified_gmt":"2024-05-22T11:17:49","slug":"abeille","status":"publish","type":"product","link":"https:\/\/michaelbarnaart.com\/fr\/produit\/abeille\/","title":{"rendered":"Abeille broche (num\u00e9rot\u00e9e)"},"content":{"rendered":"<p>La broche Abeille est une ode \u00e0 la France et \u00e0 son histoire. Dans l&#8217;Antiquit\u00e9, les abeilles \u00e9taient souvent associ\u00e9es \u00e0 la monarchie fran\u00e7aise. Napol\u00e9on l&#8217;a \u00e9galement utilis\u00e9 comme symbole pour souligner sa position d&#8217;empereur. En outre, Napol\u00e9on voyait dans les abeilles un exemple de travail acharn\u00e9 et d&#8217;unit\u00e9 : chaque abeille a une t\u00e2che sp\u00e9cifique et travaille avec les autres abeilles pour le bien de toute la colonie. On trouve encore l&#8217;abeille comme \u00e9l\u00e9ment historique et symbolique sur les d\u00e9corations nationales fran\u00e7aises, dans l&#8217;architecture et dans l&#8217;art li\u00e9 \u00e0 l&#8217;histoire de France.<\/p>\n<p>Dimensions : 45 mm x 38 mm<br \/>\nMat\u00e9riau : m\u00e9tal avec couleurs \u00e9maill\u00e9es<br \/>\nFermeture : magn\u00e9tique<\/p>\n<p>Ne pas utiliser en association avec un stimulateur cardiaque.<\/p>\n","protected":false},"excerpt":{"rendered":"<p>La broche Abeille est une ode \u00e0 la France et \u00e0 son histoire. Dans l&#8217;Antiquit\u00e9, les abeilles \u00e9taient souvent associ\u00e9es \u00e0 la monarchie fran\u00e7aise. Napol\u00e9on l&#8217;a \u00e9galement utilis\u00e9 comme symbole pour souligner sa position d&#8217;empereur. En outre, Napol\u00e9on voyait dans les abeilles un exemple de travail acharn\u00e9 et d&#8217;unit\u00e9 : chaque abeille a une t\u00e2che&hellip;<\/p>\n","protected":false},"featured_media":24827,"template":"","meta":{"_acf_changed":false},"product_brand":[],"product_cat":[1143,1105],"product_tag":[],"class_list":{"0":"post-24835","1":"product","2":"type-product","3":"status-publish","4":"has-post-thumbnail","6":"product_cat-broches","7":"product_cat-tout","9":"first","10":"instock","11":"shipping-taxable","12":"purchasable","13":"product-type-simple","15":"catalog-layout-default","16":"columns-xs-2"},"acf":[],"_links":{"self":[{"href":"https:\/\/michaelbarnaart.com\/fr\/wp-json\/wp\/v2\/product\/24835","targetHints":{"allow":["GET"]}}],"collection":[{"href":"https:\/\/michaelbarnaart.com\/fr\/wp-json\/wp\/v2\/product"}],"about":[{"href":"https:\/\/michaelbarnaart.com\/fr\/wp-json\/wp\/v2\/types\/product"}],"wp:featuredmedia":[{"embeddable":true,"href":"https:\/\/michaelbarnaart.com\/fr\/wp-json\/wp\/v2\/media\/24827"}],"wp:attachment":[{"href":"https:\/\/michaelbarnaart.com\/fr\/wp-json\/wp\/v2\/media?parent=24835"}],"wp:term":[{"taxonomy":"product_brand","embeddable":true,"href":"https:\/\/michaelbarnaart.com\/fr\/wp-json\/wp\/v2\/product_brand?post=24835"},{"taxonomy":"product_cat","embeddable":true,"href":"https:\/\/michaelbarnaart.com\/fr\/wp-json\/wp\/v2\/product_cat?post=24835"},{"taxonomy":"product_tag","embeddable":true,"href":"https:\/\/michaelbarnaart.com\/fr\/wp-json\/wp\/v2\/product_tag?post=24835"}],"curies":[{"name":"wp","href":"https:\/\/api.w.org\/{rel}","templated":true}]}}