{"id":27883,"date":"2024-05-22T21:57:46","date_gmt":"2024-05-22T19:57:46","guid":{"rendered":"https:\/\/michaelbarnaart.com\/chemisiers\/"},"modified":"2025-11-18T10:23:38","modified_gmt":"2025-11-18T09:23:38","slug":"chemisiers","status":"publish","type":"page","link":"https:\/\/michaelbarnaart.com\/fr\/chemisiers\/","title":{"rendered":"chemisiers"},"content":{"rendered":"<div class=\"wpb-content-wrapper\"><p>[vc_row][vc_column][vc_column_text css=&#8221;&#8221;]<\/p>\n<p style=\"text-align: center;\"><span style=\"color: #b9376c;\">CHEMISIERS<\/span><\/p>\n<p>[\/vc_column_text][vc_column_text css=&#8221;&#8221;]<div class=\"bapf_sngl_hd_mobile berocket_inline_filters berocket_single_filter_widget berocket_single_filter_widget_28418 bapf_wid_28516 \" data-wid=\"28516\" data-id=\"28418\" style=\"opacity:0!important;\" data-min_filter_width_inline=200><div class=\"bapf_sfilter bapf_ckbox bapf_ocolaps\" data-op=\"OR\" data-taxonomy=\"pa_taille\" data-name=\"Taille\" id=\"bapf_1\"><div class=\"bapf_head bapf_colaps_togl\"><h3 tabindex=\"0\" class=\"bapf_hascolarr\">Taille<i class=\"bapf_colaps_smb fa fa-chevron-down\"><\/i><\/h3><\/div><div class=\"bapf_body\" style=\"display:none;\"><ul><li><input data-name=\"34\" id=\"bapf_1_1104\" type=\"checkbox\" value=\"1104\"><label for=\"bapf_1_1104\">34<\/label><\/li><li><input data-name=\"36\" id=\"bapf_1_1102\" type=\"checkbox\" value=\"1102\"><label for=\"bapf_1_1102\">36<\/label><\/li><li><input data-name=\"38\" id=\"bapf_1_1100\" type=\"checkbox\" value=\"1100\"><label for=\"bapf_1_1100\">38<\/label><\/li><li><input data-name=\"40\" id=\"bapf_1_1101\" type=\"checkbox\" value=\"1101\"><label for=\"bapf_1_1101\">40<\/label><\/li><li><input data-name=\"42\" id=\"bapf_1_1099\" type=\"checkbox\" value=\"1099\"><label for=\"bapf_1_1099\">42<\/label><\/li><li><input data-name=\"44\" id=\"bapf_1_1103\" type=\"checkbox\" value=\"1103\"><label for=\"bapf_1_1103\">44<\/label><\/li><li><input data-name=\"46\" id=\"bapf_1_1131\" type=\"checkbox\" value=\"1131\"><label for=\"bapf_1_1131\">46<\/label><\/li><li><input data-name=\"48\" id=\"bapf_1_1132\" type=\"checkbox\" value=\"1132\"><label for=\"bapf_1_1132\">48<\/label><\/li><\/ul><\/div><\/div><\/div><div class=\"bapf_sngl_hd_mobile berocket_inline_filters berocket_single_filter_widget berocket_single_filter_widget_28417 bapf_wid_28516 \" data-wid=\"28516\" data-id=\"28417\" style=\"opacity:0!important;\" data-min_filter_width_inline=200><div class=\"bapf_sfilter bapf_ckbox bapf_ckbox_square bapf_ocolaps\" data-op=\"OR\" data-taxonomy=\"pa_silhouet\" data-name=\"Silhouette\" id=\"bapf_2\"><div class=\"bapf_head bapf_colaps_togl\"><h3 tabindex=\"0\" class=\"bapf_hascolarr\">Silhouette<i class=\"bapf_colaps_smb fa fa-chevron-down\"><\/i><\/h3><\/div><div class=\"bapf_body\" style=\"display:none;\"><ul><li><input data-name=\"Chemisier\" id=\"bapf_2_1109\" type=\"checkbox\" value=\"1109\"><label for=\"bapf_2_1109\">Chemisier<\/label><\/li><li><input data-name=\"Poncho\" id=\"bapf_2_1134\" type=\"checkbox\" value=\"1134\"><label for=\"bapf_2_1134\">Poncho<\/label><\/li><li><input data-name=\"Robe chemisier\" id=\"bapf_2_1117\" type=\"checkbox\" value=\"1117\"><label for=\"bapf_2_1117\">Robe chemisier<\/label><\/li><li><input data-name=\"Robe cloche\" id=\"bapf_2_1141\" type=\"checkbox\" value=\"1141\"><label for=\"bapf_2_1141\">Robe cloche<\/label><\/li><li><input data-name=\"Robe droite\" id=\"bapf_2_1138\" type=\"checkbox\" value=\"1138\"><label for=\"bapf_2_1138\">Robe droite<\/label><\/li><li><input data-name=\"Robe fourreau\" id=\"bapf_2_1130\" type=\"checkbox\" value=\"1130\"><label for=\"bapf_2_1130\">Robe fourreau<\/label><\/li><li><input data-name=\"Robe portefeuille\" id=\"bapf_2_1159\" type=\"checkbox\" value=\"1159\"><label for=\"bapf_2_1159\">Robe portefeuille<\/label><\/li><li><input data-name=\"Robe trap&egrave;ze\" id=\"bapf_2_1150\" type=\"checkbox\" value=\"1150\"><label for=\"bapf_2_1150\">Robe trap\u00e8ze<\/label><\/li><li><input data-name=\"Vestes &amp; gilets\" id=\"bapf_2_1124\" type=\"checkbox\" value=\"1124\"><label for=\"bapf_2_1124\">Vestes &amp; gilets<\/label><\/li><\/ul><\/div><\/div><\/div><div class=\"bapf_sngl_hd_mobile berocket_inline_filters berocket_single_filter_widget berocket_single_filter_widget_28413 bapf_wid_28516 \" data-wid=\"28516\" data-id=\"28413\" style=\"opacity:0!important;\" data-min_filter_width_inline=200><div class=\"bapf_sfilter bapf_ckbox bapf_ckbox_square bapf_ocolaps\" data-op=\"OR\" data-taxonomy=\"pa_sluiting\" data-name=\"Fermeture\" id=\"bapf_3\"><div class=\"bapf_head bapf_colaps_togl\"><h3 tabindex=\"0\" class=\"bapf_hascolarr\">Fermeture<i class=\"bapf_colaps_smb fa fa-chevron-down\"><\/i><\/h3><\/div><div class=\"bapf_body\" style=\"display:none;\"><ul><li><input data-name=\"&Eacute;pingle\" id=\"bapf_3_1146\" type=\"checkbox\" value=\"1146\"><label for=\"bapf_3_1146\">\u00c9pingle<\/label><\/li><li><input data-name=\"Magn&eacute;tique\" id=\"bapf_3_1145\" type=\"checkbox\" value=\"1145\"><label for=\"bapf_3_1145\">Magn\u00e9tique<\/label><\/li><\/ul><\/div><\/div><\/div><div class=\"bapf_sngl_hd_mobile berocket_inline_filters berocket_single_filter_widget berocket_single_filter_widget_28415 bapf_wid_28516 \" data-wid=\"28516\" data-id=\"28415\" style=\"opacity:0!important;\" data-min_filter_width_inline=200><div class=\"bapf_sfilter bapf_ckbox bapf_ckbox_square bapf_ocolaps\" data-op=\"OR\" data-taxonomy=\"pa_materiaal\" data-name=\"Mat&eacute;riel\" id=\"bapf_4\"><div class=\"bapf_head bapf_colaps_togl\"><h3 tabindex=\"0\" class=\"bapf_hascolarr\">Mat\u00e9riel<i class=\"bapf_colaps_smb fa fa-chevron-down\"><\/i><\/h3><\/div><div class=\"bapf_body\" style=\"display:none;\"><ul><li><input data-name=\"Polyester stretch\" id=\"bapf_4_1111\" type=\"checkbox\" value=\"1111\"><label for=\"bapf_4_1111\">Polyester stretch<\/label><\/li><li><input data-name=\"Tricots\" id=\"bapf_4_1126\" type=\"checkbox\" value=\"1126\"><label for=\"bapf_4_1126\">Tricots<\/label><\/li><\/ul><\/div><\/div><\/div><div class=\"bapf_sngl_hd_mobile berocket_inline_filters berocket_single_filter_widget berocket_single_filter_widget_28416 bapf_wid_28516 \" data-wid=\"28516\" data-id=\"28416\" style=\"opacity:0!important;\" data-min_filter_width_inline=200><div class=\"bapf_sfilter bapf_ckbox bapf_ckbox_square bapf_ocolaps\" data-op=\"OR\" data-taxonomy=\"pa_mouwen\" data-name=\"Manches\" id=\"bapf_5\"><div class=\"bapf_head bapf_colaps_togl\"><h3 tabindex=\"0\" class=\"bapf_hascolarr\">Manches<i class=\"bapf_colaps_smb fa fa-chevron-down\"><\/i><\/h3><\/div><div class=\"bapf_body\" style=\"display:none;\"><ul><li><input data-name=\"Courtes\" id=\"bapf_5_1125\" type=\"checkbox\" value=\"1125\"><label for=\"bapf_5_1125\">Courtes<\/label><\/li><li><input data-name=\"Longue\" id=\"bapf_5_1110\" type=\"checkbox\" value=\"1110\"><label for=\"bapf_5_1110\">Longue<\/label><\/li><li><input data-name=\"Non\" id=\"bapf_5_1139\" type=\"checkbox\" value=\"1139\"><label for=\"bapf_5_1139\">Non<\/label><\/li><\/ul><\/div><\/div><\/div><br \/>\n<a href=\"#toggle-filters\" class=\"berocket_element_above_products_is_hide_toggle berocket_ajax_filters_toggle icon-theme-3 bapf_sngl_hd_tablet bapf_sngl_hd_desktop\"><span><i><\/i><b><\/b><s><\/s><\/span>AFFICHER  LES FILTRES<\/a><div class=\"berocket_element_above_products_is_hide br_is_hidden\"><div class=\"bapf_sngl_hd_tablet bapf_sngl_hd_desktop berocket_single_filter_widget berocket_single_filter_widget_28418 bapf_wid_28519 \" data-wid=\"28519\" data-id=\"28418\" style=\"\" data-min_filter_width_inline=200><div class=\"bapf_sfilter bapf_ckbox bapf_ocolaps\" data-op=\"OR\" data-taxonomy=\"pa_taille\" data-name=\"Taille\" id=\"bapf_6\"><div class=\"bapf_head bapf_colaps_togl\"><h3 tabindex=\"0\" class=\"bapf_hascolarr\">Taille<i class=\"bapf_colaps_smb fa fa-chevron-down\"><\/i><\/h3><\/div><div class=\"bapf_body\" style=\"display:none;\"><ul><li><input data-name=\"34\" id=\"bapf_6_1104\" type=\"checkbox\" value=\"1104\"><label for=\"bapf_6_1104\">34<\/label><\/li><li><input data-name=\"36\" id=\"bapf_6_1102\" type=\"checkbox\" value=\"1102\"><label for=\"bapf_6_1102\">36<\/label><\/li><li><input data-name=\"38\" id=\"bapf_6_1100\" type=\"checkbox\" value=\"1100\"><label for=\"bapf_6_1100\">38<\/label><\/li><li><input data-name=\"40\" id=\"bapf_6_1101\" type=\"checkbox\" value=\"1101\"><label for=\"bapf_6_1101\">40<\/label><\/li><li><input data-name=\"42\" id=\"bapf_6_1099\" type=\"checkbox\" value=\"1099\"><label for=\"bapf_6_1099\">42<\/label><\/li><li><input data-name=\"44\" id=\"bapf_6_1103\" type=\"checkbox\" value=\"1103\"><label for=\"bapf_6_1103\">44<\/label><\/li><li><input data-name=\"46\" id=\"bapf_6_1131\" type=\"checkbox\" value=\"1131\"><label for=\"bapf_6_1131\">46<\/label><\/li><li><input data-name=\"48\" id=\"bapf_6_1132\" type=\"checkbox\" value=\"1132\"><label for=\"bapf_6_1132\">48<\/label><\/li><\/ul><\/div><\/div><\/div><div class=\"bapf_sngl_hd_tablet bapf_sngl_hd_desktop berocket_single_filter_widget berocket_single_filter_widget_28417 bapf_wid_28519 \" data-wid=\"28519\" data-id=\"28417\" style=\"\" data-min_filter_width_inline=200><div class=\"bapf_sfilter bapf_ckbox bapf_ckbox_square bapf_ocolaps\" data-op=\"OR\" data-taxonomy=\"pa_silhouet\" data-name=\"Silhouette\" id=\"bapf_7\"><div class=\"bapf_head bapf_colaps_togl\"><h3 tabindex=\"0\" class=\"bapf_hascolarr\">Silhouette<i class=\"bapf_colaps_smb fa fa-chevron-down\"><\/i><\/h3><\/div><div class=\"bapf_body\" style=\"display:none;\"><ul><li><input data-name=\"Chemisier\" id=\"bapf_7_1109\" type=\"checkbox\" value=\"1109\"><label for=\"bapf_7_1109\">Chemisier<\/label><\/li><li><input data-name=\"Poncho\" id=\"bapf_7_1134\" type=\"checkbox\" value=\"1134\"><label for=\"bapf_7_1134\">Poncho<\/label><\/li><li><input data-name=\"Robe chemisier\" id=\"bapf_7_1117\" type=\"checkbox\" value=\"1117\"><label for=\"bapf_7_1117\">Robe chemisier<\/label><\/li><li><input data-name=\"Robe cloche\" id=\"bapf_7_1141\" type=\"checkbox\" value=\"1141\"><label for=\"bapf_7_1141\">Robe cloche<\/label><\/li><li><input data-name=\"Robe droite\" id=\"bapf_7_1138\" type=\"checkbox\" value=\"1138\"><label for=\"bapf_7_1138\">Robe droite<\/label><\/li><li><input data-name=\"Robe fourreau\" id=\"bapf_7_1130\" type=\"checkbox\" value=\"1130\"><label for=\"bapf_7_1130\">Robe fourreau<\/label><\/li><li><input data-name=\"Robe portefeuille\" id=\"bapf_7_1159\" type=\"checkbox\" value=\"1159\"><label for=\"bapf_7_1159\">Robe portefeuille<\/label><\/li><li><input data-name=\"Robe trap&egrave;ze\" id=\"bapf_7_1150\" type=\"checkbox\" value=\"1150\"><label for=\"bapf_7_1150\">Robe trap\u00e8ze<\/label><\/li><li><input data-name=\"Vestes &amp; gilets\" id=\"bapf_7_1124\" type=\"checkbox\" value=\"1124\"><label for=\"bapf_7_1124\">Vestes &amp; gilets<\/label><\/li><\/ul><\/div><\/div><\/div><div class=\"bapf_sngl_hd_tablet bapf_sngl_hd_desktop berocket_single_filter_widget berocket_single_filter_widget_28413 bapf_wid_28519 \" data-wid=\"28519\" data-id=\"28413\" style=\"\" data-min_filter_width_inline=200><div class=\"bapf_sfilter bapf_ckbox bapf_ckbox_square bapf_ocolaps\" data-op=\"OR\" data-taxonomy=\"pa_sluiting\" data-name=\"Fermeture\" id=\"bapf_8\"><div class=\"bapf_head bapf_colaps_togl\"><h3 tabindex=\"0\" class=\"bapf_hascolarr\">Fermeture<i class=\"bapf_colaps_smb fa fa-chevron-down\"><\/i><\/h3><\/div><div class=\"bapf_body\" style=\"display:none;\"><ul><li><input data-name=\"&Eacute;pingle\" id=\"bapf_8_1146\" type=\"checkbox\" value=\"1146\"><label for=\"bapf_8_1146\">\u00c9pingle<\/label><\/li><li><input data-name=\"Magn&eacute;tique\" id=\"bapf_8_1145\" type=\"checkbox\" value=\"1145\"><label for=\"bapf_8_1145\">Magn\u00e9tique<\/label><\/li><\/ul><\/div><\/div><\/div><div class=\"bapf_sngl_hd_tablet bapf_sngl_hd_desktop berocket_single_filter_widget berocket_single_filter_widget_28415 bapf_wid_28519 \" data-wid=\"28519\" data-id=\"28415\" style=\"\" data-min_filter_width_inline=200><div class=\"bapf_sfilter bapf_ckbox bapf_ckbox_square bapf_ocolaps\" data-op=\"OR\" data-taxonomy=\"pa_materiaal\" data-name=\"Mat&eacute;riel\" id=\"bapf_9\"><div class=\"bapf_head bapf_colaps_togl\"><h3 tabindex=\"0\" class=\"bapf_hascolarr\">Mat\u00e9riel<i class=\"bapf_colaps_smb fa fa-chevron-down\"><\/i><\/h3><\/div><div class=\"bapf_body\" style=\"display:none;\"><ul><li><input data-name=\"Polyester stretch\" id=\"bapf_9_1111\" type=\"checkbox\" value=\"1111\"><label for=\"bapf_9_1111\">Polyester stretch<\/label><\/li><li><input data-name=\"Tricots\" id=\"bapf_9_1126\" type=\"checkbox\" value=\"1126\"><label for=\"bapf_9_1126\">Tricots<\/label><\/li><\/ul><\/div><\/div><\/div><div class=\"bapf_sngl_hd_tablet bapf_sngl_hd_desktop berocket_single_filter_widget berocket_single_filter_widget_28416 bapf_wid_28519 \" data-wid=\"28519\" data-id=\"28416\" style=\"\" data-min_filter_width_inline=200><div class=\"bapf_sfilter bapf_ckbox bapf_ckbox_square bapf_ocolaps\" data-op=\"OR\" data-taxonomy=\"pa_mouwen\" data-name=\"Manches\" id=\"bapf_10\"><div class=\"bapf_head bapf_colaps_togl\"><h3 tabindex=\"0\" class=\"bapf_hascolarr\">Manches<i class=\"bapf_colaps_smb fa fa-chevron-down\"><\/i><\/h3><\/div><div class=\"bapf_body\" style=\"display:none;\"><ul><li><input data-name=\"Courtes\" id=\"bapf_10_1125\" type=\"checkbox\" value=\"1125\"><label for=\"bapf_10_1125\">Courtes<\/label><\/li><li><input data-name=\"Longue\" id=\"bapf_10_1110\" type=\"checkbox\" value=\"1110\"><label for=\"bapf_10_1110\">Longue<\/label><\/li><li><input data-name=\"Non\" id=\"bapf_10_1139\" type=\"checkbox\" value=\"1139\"><label for=\"bapf_10_1139\">Non<\/label><\/li><\/ul><\/div><\/div><\/div><\/div>[\/vc_column_text]<div class=\"woocommerce columns-3 \"><\/div>[\/vc_column][\/vc_row][vc_row][vc_column][vc_separator color=&#8221;custom&#8221; css=&#8221;&#8221; accent_color=&#8221;#DBB72C&#8221;][\/vc_column][\/vc_row][vc_row gap=&#8221;10&#8243;][vc_column width=&#8221;1\/2&#8243;][vc_column_text css=&#8221;&#8221;]<a href=\"https:\/\/michaelbarnaart.com\/fr\/bio\/\"><img loading=\"lazy\" decoding=\"async\" class=\"aligncenter size-full wp-image-33430\" src=\"https:\/\/michaelbarnaart.com\/wp-content\/uploads\/2025\/11\/bio.jpg\" alt=\"\" width=\"1440\" height=\"940\" \/><\/a><\/p>\n<div class=\"article-block__category cl-utility\"><span style=\"color: #b9376c;\">BIOGRAPHIE<\/span><\/div>\n<h1 class=\"article-block__title\"><a href=\"https:\/\/michaelbarnaart.com\/fr\/bio\/\">Qui est Michael Barnaart ?<\/a><\/h1>\n<div class=\"article-block__excerpt cl-c-subdued\">\n<p data-start=\"52\" data-end=\"220\">Le travail de Michael Barnaart fait le lien entre la \u00ab haute \u00bb culture et la culture populaire. Ce n&#8217;est pas un hasard si ses cr\u00e9ations sont port\u00e9es dans la rue et expos\u00e9es dans les mus\u00e9es internationaux.<\/p>\n<\/div>\n<p>[\/vc_column_text][\/vc_column][vc_column width=&#8221;1\/2&#8243;][vc_column_text css=&#8221;&#8221;]<a href=\"https:\/\/michaelbarnaart.com\/fr\/tout\/classiques\/\"><img loading=\"lazy\" decoding=\"async\" class=\"aligncenter size-full wp-image-33430\" src=\"https:\/\/michaelbarnaart.com\/wp-content\/uploads\/2025\/11\/classics.jpg\" alt=\"\" width=\"1440\" height=\"940\" \/><\/a><\/p>\n<div class=\"article-block__category cl-utility\"><span style=\"color: #b9376c;\">CLASSICS<\/span><\/div>\n<h1 class=\"article-block__title\"><a href=\"https:\/\/michaelbarnaart.com\/fr\/tout\/classiques\/\">Des classiques intemporels du design<\/a><\/h1>\n<div class=\"article-block__excerpt cl-c-subdued\">\n<p>Cette collection de mode se compose de classiques intemporels du design. De plus, divers mod\u00e8les sont expos\u00e9s et int\u00e9gr\u00e9s dans des collections de mus\u00e9es internationaux.<\/p>\n<\/div>\n<p>[\/vc_column_text][\/vc_column][\/vc_row]<\/p>\n<\/div>","protected":false},"excerpt":{"rendered":"<p>[vc_row][vc_column][vc_column_text css=&#8221;&#8221;] CHEMISIERS [\/vc_column_text][vc_column_text css=&#8221;&#8221;] [\/vc_column_text][\/vc_column][\/vc_row][vc_row][vc_column][vc_separator color=&#8221;custom&#8221; css=&#8221;&#8221; accent_color=&#8221;#DBB72C&#8221;][\/vc_column][\/vc_row][vc_row gap=&#8221;10&#8243;][vc_column width=&#8221;1\/2&#8243;][vc_column_text css=&#8221;&#8221;] BIOGRAPHIE Qui est Michael Barnaart ? Le travail de Michael Barnaart fait le lien entre la \u00ab haute \u00bb culture et la culture populaire. Ce n&#8217;est pas un hasard si ses cr\u00e9ations sont port\u00e9es dans la rue et expos\u00e9es dans les mus\u00e9es internationaux.&hellip;<\/p>\n","protected":false},"author":3,"featured_media":0,"parent":0,"menu_order":0,"comment_status":"closed","ping_status":"closed","template":"","meta":{"_acf_changed":false,"footnotes":""},"class_list":["post-27883","page","type-page","status-publish","hentry"],"acf":[],"_links":{"self":[{"href":"https:\/\/michaelbarnaart.com\/fr\/wp-json\/wp\/v2\/pages\/27883","targetHints":{"allow":["GET"]}}],"collection":[{"href":"https:\/\/michaelbarnaart.com\/fr\/wp-json\/wp\/v2\/pages"}],"about":[{"href":"https:\/\/michaelbarnaart.com\/fr\/wp-json\/wp\/v2\/types\/page"}],"author":[{"embeddable":true,"href":"https:\/\/michaelbarnaart.com\/fr\/wp-json\/wp\/v2\/users\/3"}],"replies":[{"embeddable":true,"href":"https:\/\/michaelbarnaart.com\/fr\/wp-json\/wp\/v2\/comments?post=27883"}],"version-history":[{"count":0,"href":"https:\/\/michaelbarnaart.com\/fr\/wp-json\/wp\/v2\/pages\/27883\/revisions"}],"wp:attachment":[{"href":"https:\/\/michaelbarnaart.com\/fr\/wp-json\/wp\/v2\/media?parent=27883"}],"curies":[{"name":"wp","href":"https:\/\/api.w.org\/{rel}","templated":true}]}}