{"id":27838,"date":"2016-09-27T12:13:03","date_gmt":"2016-09-27T12:13:03","guid":{"rendered":"https:\/\/michaelbarnaart.com\/biographie\/"},"modified":"2025-11-05T14:18:40","modified_gmt":"2025-11-05T13:18:40","slug":"bio","status":"publish","type":"page","link":"https:\/\/michaelbarnaart.com\/fr\/bio\/","title":{"rendered":"biographie"},"content":{"rendered":"<div class=\"wpb-content-wrapper\"><p>[vc_row][vc_column][vc_column_text css=&#8221;&#8221;]<\/p>\n<p style=\"text-align: center;\"><span style=\"color: #b9376c;\">BIOGRAPHIE<\/span><\/p>\n<p>[\/vc_column_text][\/vc_column][\/vc_row][vc_row gap=&#8221;10&#8243;][vc_column width=&#8221;1\/3&#8243;][vc_column_text css=&#8221;&#8221;]<\/p>\n<h1><strong>\u00c0 la rencontre du design industriel, du graphisme et de l&#8217;art<\/strong><\/h1>\n<p>&nbsp;<\/p>\n<p><strong>Le travail de Michael Barnaart fait le lien entre la \u00ab haute \u00bb culture et la culture populaire. Avec ses robes en tricot reconnaissables et ses broches iconiques, le cr\u00e9ateur de mode place son travail \u00e0 la crois\u00e9e du design industriel, du graphisme et de l&#8217;art. Ce n&#8217;est pas un hasard si ses cr\u00e9ations sont \u00e0 la fois port\u00e9es dans la rue et expos\u00e9es dans des mus\u00e9es internationaux. <\/strong>[\/vc_column_text][\/vc_column][vc_column width=&#8221;2\/3&#8243;][vc_column_text css=&#8221;&#8221;]<img loading=\"lazy\" decoding=\"async\" class=\"aligncenter size-full wp-image-27205\" src=\"https:\/\/michaelbarnaart.com\/wp-content\/uploads\/2025\/11\/bio.jpg\" alt=\"\" width=\"1440\" height=\"940\">[\/vc_column_text][\/vc_column][\/vc_row][vc_row][vc_column][vc_column_text css=&#8221;&#8221;][\/vc_column_text][\/vc_column][\/vc_row][vc_row][vc_column width=&#8221;1\/4&#8243;][\/vc_column][vc_column width=&#8221;1\/2&#8243;][vc_column_text css=&#8221;&#8221;]La famille du designer n\u00e9erlandais chevalier Michael Sebastiaan Barnaart van Bergen (1983, Alkmaar) trouve ses racines dans l&#8217;industrie textile n\u00e9erlandaise du XVIIe si\u00e8cle. Avec la <a href=\"https:\/\/www.hendrickdekeyser.nl\/house-barnaart\" target=\"_blank\" rel=\"noopener\">Maison Barnaart<\/a> comme h\u00e9ritage tangible, il perp\u00e9tue une tradition s\u00e9culaire de design et d&#8217;artisanat. <\/p>\n<p>Apr\u00e8s avoir suivi une formation en graphisme, il a \u00e9tudi\u00e9 la mode \u00e0 l&#8217;Amsterdam Fashion Institute. Barnaart a pr\u00e9sent\u00e9 sa premi\u00e8re collection couture lors de la Fashion Week d&#8217;Amsterdam en 2008. Un an plus tard, il a lanc\u00e9 sa premi\u00e8re collection pr\u00eat-\u00e0-porter, apr\u00e8s quoi il s&#8217;est enti\u00e8rement consacr\u00e9 au tricot. En 2010, il a ouvert sa boutique en ligne. De 2011 \u00e0 2023, il a travaill\u00e9 depuis son atelier et sa boutique dans le centre de La Haye, o\u00f9 il a \u00e9t\u00e9 nomm\u00e9 ambassadeur de la mode de la ville. Depuis 2024, il travaille depuis le petit ch\u00e2teau Le Piot \u00e0 Fleurance, en France. Ses cr\u00e9ations sont disponibles exclusivement en ligne et dans certains <a href=\"https:\/\/michaelbarnaart.com\/fr\/pointsdevente\/\">points de vente s\u00e9lectionn\u00e9s<\/a>.      <\/p>\n<p>Plusieurs pi\u00e8ces de sa collection font partie des collections internationales de mus\u00e9es. Son travail se caract\u00e9rise par son accessibilit\u00e9, son design clair et ses dessins graphiques puissants. Les collections sont produites en \u00e9dition limit\u00e9e et de mani\u00e8re artisanale, dans le respect de l&#8217;environnement et des conditions de travail.[\/vc_column_text][\/vc_column][vc_column width=&#8221;1\/4&#8243;][\/vc_column][vc_column][vc_row_inner][vc_column_inner width=&#8221;1\/6&#8243;][\/vc_column_inner][vc_column_inner width=&#8221;2\/3&#8243;][vc_column_text css=&#8221;&#8221;]<\/p>\n<p style=\"text-align: center;\"><img loading=\"lazy\" decoding=\"async\" class=\"alignnone size-full wp-image-3147 aligncenter\" src=\"https:\/\/michaelbarnaart.com\/wp-content\/uploads\/2025\/11\/IMG_7795-classics-1.jpg\" alt=\"\" width=\"1440\" height=\"940\"><em>2017 : &#8220;Fashion in Style&#8221; au Kunstmuseum Den Haag (mus\u00e9e d&#8217;art de La Haye, Pays-Bas).<\/em><\/p>\n<p>[\/vc_column_text][\/vc_column_inner][vc_column_inner width=&#8221;1\/6&#8243;][\/vc_column_inner][\/vc_row_inner][\/vc_column][\/vc_row][vc_row][vc_column width=&#8221;1\/4&#8243;][\/vc_column][vc_column width=&#8221;1\/2&#8243;][vc_column_text css=&#8221;&#8221;]<\/p>\n<h1 style=\"text-align: center;\">Mus\u00e9es et expositions<\/h1>\n<p>&nbsp;<\/p>\n<p><strong>2024 &#8211; 2025 Mus\u00e9e d&#8217;art de La Haye (Kunstmuseum Den Haag, Pays-Bas)<\/strong><\/p>\n<p>Robe Dripping, exposition \u00ab Grand Dessert \u2013 L&#8217;histoire du dessert \u00bb.<\/p>\n<p>&nbsp;<\/p>\n<p><strong>2024 &#8211; 2025 Verwey Museum Haarlem (Pays-Bas)<\/strong><\/p>\n<p>Broche Dolly Bellefleur, exposition \u00ab Que l&#8217;amour r\u00e8gne \u2013 Dolly Bellefleur, 35 ans sur les barricades \u00bb.<\/p>\n<p>&nbsp;<\/p>\n<p><strong>2024 &#8211; 2025 Fabrique des Lumi\u00e8res, Amsterdam (Pays-Bas)<\/strong><\/p>\n<p>Broche La Jeune Fille \u00e0 la perle, projection num\u00e9rique, exposition \u00ab #Mygirlwithapearl \u2013 The Immersive Edition \u00bb.<\/p>\n<p>&nbsp;<\/p>\n<p><strong>2023 &#8211; 2024 Wilhelm-Hack-Museum in Ludwigshafen am Rhein (Allemagne)<\/strong><\/p>\n<p>Robe Mondriaan III, exposition \u00ab Re-Inventing Piet. Mondrian and the Consequences \u00bb. <\/p>\n<p>&nbsp;<\/p>\n<p><strong>2023 Mus\u00e9e d&#8217;art de Wolfsburg (Kunstmuseum Wolfsburg, Allemagne)<\/strong><\/p>\n<p>Robe Mondriaan III, exposition \u00ab Re-Inventing Piet. Mondrian and the Consequences \u00bb. <\/p>\n<p>&nbsp;<\/p>\n<p><strong>2023 Mauritshuis, La Haye (Pays-Bas)<\/strong><\/p>\n<p>Broche La Jeune Fille \u00e0 la perle, projection num\u00e9rique, exposition \u00ab My girl with a pearl \u00bb.<\/p>\n<p>&nbsp;<\/p>\n<p><strong>2022 Artzaanstad, Zaandam (Pays-Bas)<\/strong><\/p>\n<p>Broche Dolly Bellefleur, exposition \u00ab Made in Dolland : le langage visuel de Dolly Bellefleur \u00bb.<\/p>\n<p>&nbsp;<\/p>\n<p style=\"text-align: left;\"><strong>2022 Palais de la Ville de Fulda (Allemagne)<\/strong><\/p>\n<p style=\"text-align: left;\">Broche \u00c9toile, grande exposition estivale \u00ab Design &amp; Dynastie \u00bb.<\/p>\n<p>&nbsp;<\/p>\n<p style=\"text-align: left;\"><strong>2020-2021 Mus\u00e9e du XXe si\u00e8cle, Hoorn (Museum van de 20e Eeuw, Hoorn, Pays-Bas)<\/strong><\/p>\n<p style=\"text-align: left;\">Diverses illustrations et cr\u00e9ations, exposition \u00ab Jan, Jans en de kinderen, 50 jaar \u00bb (la bande dessin\u00e9e \u00ab Jean, Jeanne et les enfants, 50 ans \u00bb).<\/p>\n<p>&nbsp;<\/p>\n<p style=\"text-align: left;\"><strong>2019 Museum Na\u00efrac, Barneveld<\/strong><\/p>\n<p style=\"text-align: left;\">Diverses cr\u00e9ations telles que la robe Audrey, exposition \u00ab Gezocht M\/V \u00bb (Recherch\u00e9 H\/F).<\/p>\n<p>&nbsp;<\/p>\n<p style=\"text-align: left;\"><strong>2017-2018 Modemuseum Hasselt (Belgique)<\/strong><\/p>\n<p style=\"text-align: left;\">Robe Mondrian, exposition \u00ab The Vulgar : Fashion Redefined \u00bb.<\/p>\n<p>&nbsp;<\/p>\n<p style=\"text-align: left;\"><strong>2017 Mus\u00e9e d&#8217;art de La Haye (Kunstmuseum Den Haag, Pays-Bas)<\/strong><\/p>\n<p style=\"text-align: left;\">Robe Mondrian, Composition en noir et Robe Mondrian II, exposition \u00ab Fashion in Style \u00bb.<\/p>\n<p>&nbsp;<\/p>\n<p style=\"text-align: left;\"><strong>2016-2017 Barbican Art Gallery, Londres (Royaume-Uni)<\/strong><\/p>\n<p style=\"text-align: left;\">Robe Mondrian, exposition \u00ab The Vulgar : Fashion Redefined \u00bb.<\/p>\n<p>&nbsp;<\/p>\n<p style=\"text-align: left;\"><strong>2015-2016 Mus\u00e9e d&#8217;art de La Haye (Kunstmuseum Den Haag, Pays-Bas)<\/strong><\/p>\n<p style=\"text-align: left;\">Robe Dripping noire et beige, exposition \u00ab Ode \u00e0 la mode n\u00e9erlandaise \u00bb.<\/p>\n<p>&nbsp;<\/p>\n<p style=\"text-align: left;\"><strong>2015-2016 Mus\u00e9e central d&#8217;Utrecht et \u00ab Vitrine du Mus\u00e9e central \u00bb \u00e0 Hoog Catherijne (Pays-Bas)<\/strong><\/p>\n<p style=\"text-align: left;\">Divers mod\u00e8les, tels que la robe Mondrian, pr\u00e9sent\u00e9s tour \u00e0 tour en combinaison avec des meubles de Gerrit Rietveld.<\/p>\n<p>&nbsp;<\/p>\n<p style=\"text-align: left;\"><strong>2014 Kunsthal Rotterdam (Pays-Bas)<\/strong><\/p>\n<p style=\"text-align: left;\">Mod\u00e8le de chaussures issu de la collection anniversaire \u00ab Sacha &amp; Michael Barnaart van Bergen \u00bb, exposition \u00ab S.H.O.E.S, Sexy Heels or Easy Sandals \u00bb.<\/p>\n<p>&nbsp;<\/p>\n<p style=\"text-align: left;\"><strong>2012 Paleis Oranienbaum, Dessau (Duitsland)<\/strong><\/p>\n<p style=\"text-align: left;\">Robe haute couture, exposition \u00ab Dutch Design : Maison d&#8217;Orange (House of Orange) \u00bb.<\/p>\n<p>&nbsp;<\/p>\n<p style=\"text-align: left;\"><strong>2011-2012 Mus\u00e9e d&#8217;art de La Haye (Kunstmuseum Den Haag, Pays-Bas)<\/strong><\/p>\n<p style=\"text-align: left;\">Robe d\u00e9goulinante orange et beige, exposition \u00ab Mode \u2665 Art : une liaison \u00bb.<\/p>\n<p>[\/vc_column_text][\/vc_column][vc_column width=&#8221;1\/4&#8243;][\/vc_column][\/vc_row][vc_row][vc_column width=&#8221;1\/6&#8243;][\/vc_column][vc_column width=&#8221;2\/3&#8243;][vc_column_text]<\/p>\n<p style=\"text-align: center;\"><img loading=\"lazy\" decoding=\"async\" class=\"alignnone size-full wp-image-4725\" src=\"https:\/\/michaelbarnaart.com\/wp-content\/uploads\/2018\/05\/barbican-IMG_1732.jpg\" alt=\"\" width=\"1500\" height=\"1051\" srcset=\"https:\/\/michaelbarnaart.com\/wp-content\/uploads\/2018\/05\/barbican-IMG_1732.jpg 1500w, https:\/\/michaelbarnaart.com\/wp-content\/uploads\/2018\/05\/barbican-IMG_1732-600x420.jpg 600w, https:\/\/michaelbarnaart.com\/wp-content\/uploads\/2018\/05\/barbican-IMG_1732-300x210.jpg 300w, https:\/\/michaelbarnaart.com\/wp-content\/uploads\/2018\/05\/barbican-IMG_1732-1024x717.jpg 1024w, https:\/\/michaelbarnaart.com\/wp-content\/uploads\/2018\/05\/barbican-IMG_1732-768x538.jpg 768w, https:\/\/michaelbarnaart.com\/wp-content\/uploads\/2018\/05\/barbican-IMG_1732-468x328.jpg 468w, https:\/\/michaelbarnaart.com\/wp-content\/uploads\/2018\/05\/barbican-IMG_1732-845x592.jpg 845w, https:\/\/michaelbarnaart.com\/wp-content\/uploads\/2018\/05\/barbican-IMG_1732-1482x1038.jpg 1482w, https:\/\/michaelbarnaart.com\/wp-content\/uploads\/2018\/05\/barbican-IMG_1732-1116x782.jpg 1116w, https:\/\/michaelbarnaart.com\/wp-content\/uploads\/2018\/05\/barbican-IMG_1732-806x565.jpg 806w, https:\/\/michaelbarnaart.com\/wp-content\/uploads\/2018\/05\/barbican-IMG_1732-558x391.jpg 558w, https:\/\/michaelbarnaart.com\/wp-content\/uploads\/2018\/05\/barbican-IMG_1732-655x459.jpg 655w\" sizes=\"auto, (max-width: 1500px) 100vw, 1500px\" \/><br \/>\n<em>2016 : &#8220;The Vulgar : Fashion Redefined&#8221; \u00e0 la Barbican Art Gallery, Londres (Royaume-Uni).<\/em><\/p>\n<p>[\/vc_column_text][\/vc_column][vc_column width=&#8221;1\/6&#8243;][\/vc_column][\/vc_row][vc_row][vc_column][vc_separator color=&#8221;custom&#8221; css=&#8221;&#8221; accent_color=&#8221;#DBB72C&#8221;][\/vc_column][\/vc_row][vc_row gap=&#8221;10&#8243;][vc_column width=&#8221;1\/2&#8243;][vc_column_text css=&#8221;&#8221;]<a href=\"https:\/\/michaelbarnaart.com\/fr\/nieuws\/\"><img loading=\"lazy\" decoding=\"async\" class=\"aligncenter size-full wp-image-33430\" src=\"https:\/\/michaelbarnaart.com\/wp-content\/uploads\/2025\/11\/amare.jpg\" alt=\"\" width=\"1440\" height=\"940\"><\/a><\/p>\n<div class=\"article-block__category cl-utility\"><span style=\"color: #b9376c;\">ACTUALIT\u00c9S<\/span><\/div>\n<h1 class=\"article-block__title\"><a href=\"https:\/\/michaelbarnaart.com\/fr\/nieuws\/\">Ma\u00eetres anciens et nouveau design<\/a><\/h1>\n<div class=\"article-block__excerpt cl-c-subdued\">\n<p data-start=\"52\" data-end=\"220\">Michael Barnaart aime collaborer avec des institutions culturelles et des entreprises inspirantes. Des cr\u00e9ations inspir\u00e9es de Vincent van Gogh pour le mus\u00e9e Kr\u00f6ller-M\u00fcller, des v\u00eatements de travail pour Amare et le Residentie Orkest, des \u00e9charpes et une broche pour les 125 ans de M.C. Escher, des costumes pour le Concertgebouw d&#8217;Amsterdam et la robe Mondrian pour le Kunstmuseum de La Haye ne sont que quelques exemples ! <\/p>\n<\/div>\n<p>[\/vc_column_text][\/vc_column][vc_column width=&#8221;1\/2&#8243;][vc_column_text css=&#8221;&#8221;]<a href=\"https:\/\/michaelbarnaart.com\/fr\/tout\/classiques\/\"><img loading=\"lazy\" decoding=\"async\" class=\"aligncenter size-full wp-image-33430\" src=\"https:\/\/michaelbarnaart.com\/wp-content\/uploads\/2025\/11\/classics.jpg\" alt=\"\" width=\"1440\" height=\"940\"><\/a><\/p>\n<div class=\"article-block__category cl-utility\"><span style=\"color: #b9376c;\">CLASSICS<\/span><\/div>\n<h1 class=\"article-block__title\"><a href=\"https:\/\/michaelbarnaart.com\/fr\/tout\/classiques\/\">Des classiques intemporels du design<\/a><\/h1>\n<div class=\"article-block__excerpt cl-c-subdued\">\n<p>Cette collection de mode se compose de classiques intemporels du design. De plus, divers mod\u00e8les sont expos\u00e9s et int\u00e9gr\u00e9s dans des collections de mus\u00e9es internationaux. <\/p>\n<\/div>\n<p>[\/vc_column_text][\/vc_column][\/vc_row]<\/p>\n<\/div>","protected":false},"excerpt":{"rendered":"<p>[vc_row][vc_column][vc_column_text css=&#8221;&#8221;] BIOGRAPHIE [\/vc_column_text][\/vc_column][\/vc_row][vc_row gap=&#8221;10&#8243;][vc_column width=&#8221;1\/3&#8243;][vc_column_text css=&#8221;&#8221;] \u00c0 la rencontre du design industriel, du graphisme et de l&#8217;art &nbsp; Le travail de Michael Barnaart fait le lien entre la \u00ab haute \u00bb culture et la culture populaire. Avec ses robes en tricot reconnaissables et ses broches iconiques, le cr\u00e9ateur de mode place son travail \u00e0&hellip;<\/p>\n","protected":false},"author":3,"featured_media":33525,"parent":0,"menu_order":0,"comment_status":"closed","ping_status":"closed","template":"","meta":{"_acf_changed":false,"footnotes":""},"class_list":["post-27838","page","type-page","status-publish","has-post-thumbnail","hentry"],"acf":[],"_links":{"self":[{"href":"https:\/\/michaelbarnaart.com\/fr\/wp-json\/wp\/v2\/pages\/27838","targetHints":{"allow":["GET"]}}],"collection":[{"href":"https:\/\/michaelbarnaart.com\/fr\/wp-json\/wp\/v2\/pages"}],"about":[{"href":"https:\/\/michaelbarnaart.com\/fr\/wp-json\/wp\/v2\/types\/page"}],"author":[{"embeddable":true,"href":"https:\/\/michaelbarnaart.com\/fr\/wp-json\/wp\/v2\/users\/3"}],"replies":[{"embeddable":true,"href":"https:\/\/michaelbarnaart.com\/fr\/wp-json\/wp\/v2\/comments?post=27838"}],"version-history":[{"count":0,"href":"https:\/\/michaelbarnaart.com\/fr\/wp-json\/wp\/v2\/pages\/27838\/revisions"}],"wp:featuredmedia":[{"embeddable":true,"href":"https:\/\/michaelbarnaart.com\/fr\/wp-json\/wp\/v2\/media\/33525"}],"wp:attachment":[{"href":"https:\/\/michaelbarnaart.com\/fr\/wp-json\/wp\/v2\/media?parent=27838"}],"curies":[{"name":"wp","href":"https:\/\/api.w.org\/{rel}","templated":true}]}}