{"id":26037,"date":"2024-01-02T15:01:58","date_gmt":"2024-01-02T14:01:58","guid":{"rendered":"https:\/\/michaelbarnaart.com\/contact-2\/"},"modified":"2026-01-17T19:23:28","modified_gmt":"2026-01-17T18:23:28","slug":"contact","status":"publish","type":"page","link":"https:\/\/michaelbarnaart.com\/fr\/contact\/","title":{"rendered":"contact"},"content":{"rendered":"<div class=\"wpb-content-wrapper\"><p>[vc_row][vc_column][vc_column_text css=&#8221;&#8221;]<\/p>\n<p style=\"text-align: center;\"><span style=\"color: #b9376c;\">CONTACT<\/span><\/p>\n<p>[\/vc_column_text][\/vc_column][\/vc_row][vc_row gap=&#8221;10&#8243;][vc_column width=&#8221;1\/3&#8243;][vc_column_text css=&#8221;&#8221;]Pour toute question concernant la livraison, le paiement ou la coupe, veuillez consulter <a href=\"https:\/\/michaelbarnaart.com\/fr\/service-clientele\/\">notre page de service clientele<\/a>. Vous avez une autre question ou un commentaire ? Veuillez alors nous contacter via le formulaire ci-dessous ou envoyer un e-mail \u00e0 <a class=\"decorated-link cursor-pointer\" href=\"mailto:info@michaelbarnaart.com\" rel=\"noopener\" data-start=\"250\" data-end=\"274\">info@michaelbarnaart.com<\/a>. Vous recherchez nos points de vente physiques ? <a href=\"https:\/\/michaelbarnaart.com\/fr\/pointsdevente\/\">Cliquez ici.<\/a>[\/vc_column_text][vc_column_text css=&#8221;&#8221;]Michael Barnaart<br \/>\nPetit ch\u00e2teau Le Piot<br \/>\nChemin du Piot<br \/>\n32500 Fleurance<br \/>\nFrankrijk<\/p>\n<p>BTW FR31981158660<\/p>\n<p>SIREN 981158660[\/vc_column_text][vc_column_text css=&#8221;&#8221;]Suivez-nous: <ul class=\"social-networks rounded\"><li><a href=\"https:\/\/www.instagram.com\/michaelbarnaart\/\" target=\"_blank\" class=\"instagram\" title=\"Instagram\" aria-label=\"Instagram\" rel=\"noopener\"><i class=\"fab fa-instagram\"><\/i><span class=\"name\">Instagram<\/span><\/a><\/li><li><a href=\"https:\/\/www.facebook.com\/michaelbarnaart\" target=\"_blank\" class=\"facebook\" title=\"Facebook\" aria-label=\"Facebook\" rel=\"noopener\"><i class=\"fab fa-facebook\"><\/i><span class=\"name\">Facebook<\/span><\/a><\/li><\/ul>[\/vc_column_text][\/vc_column][vc_column width=&#8221;2\/3&#8243;][vc_column_text css=&#8221;&#8221;]<img loading=\"lazy\" decoding=\"async\" class=\"aligncenter size-full wp-image-25998\" src=\"https:\/\/michaelbarnaart.com\/wp-content\/uploads\/2023\/12\/contact-4.jpg\" alt=\"\" width=\"1800\" height=\"1013\" srcset=\"https:\/\/michaelbarnaart.com\/wp-content\/uploads\/2023\/12\/contact-4.jpg 1800w, https:\/\/michaelbarnaart.com\/wp-content\/uploads\/2023\/12\/contact-4-600x338.jpg 600w, https:\/\/michaelbarnaart.com\/wp-content\/uploads\/2023\/12\/contact-4-300x169.jpg 300w, https:\/\/michaelbarnaart.com\/wp-content\/uploads\/2023\/12\/contact-4-1024x576.jpg 1024w, https:\/\/michaelbarnaart.com\/wp-content\/uploads\/2023\/12\/contact-4-768x432.jpg 768w, https:\/\/michaelbarnaart.com\/wp-content\/uploads\/2023\/12\/contact-4-1536x864.jpg 1536w, https:\/\/michaelbarnaart.com\/wp-content\/uploads\/2023\/12\/contact-4-1482x834.jpg 1482w, https:\/\/michaelbarnaart.com\/wp-content\/uploads\/2023\/12\/contact-4-1612x907.jpg 1612w, https:\/\/michaelbarnaart.com\/wp-content\/uploads\/2023\/12\/contact-4-1116x628.jpg 1116w, https:\/\/michaelbarnaart.com\/wp-content\/uploads\/2023\/12\/contact-4-806x454.jpg 806w, https:\/\/michaelbarnaart.com\/wp-content\/uploads\/2023\/12\/contact-4-558x314.jpg 558w, https:\/\/michaelbarnaart.com\/wp-content\/uploads\/2023\/12\/contact-4-655x369.jpg 655w\" sizes=\"auto, (max-width: 1800px) 100vw, 1800px\" \/>[\/vc_column_text][\/vc_column][\/vc_row][vc_row][vc_column][vc_separator color=&#8221;custom&#8221; css=&#8221;&#8221; accent_color=&#8221;#DBB72C&#8221;][\/vc_column][\/vc_row][vc_row][vc_column][vc_column_text css=&#8221;&#8221;]<\/p>\n<h1 style=\"text-align: center;\">Formulaire de contact<\/h1>\n<p style=\"text-align: center;\">Utilisez le formulaire ci-dessous pour nous envoyer facilement un message.<\/p>\n<p>[\/vc_column_text][lab_contact_form name_title=&#8221;nom&#8221; email_title=&#8221;e-mail&#8221; message_title=&#8221;message&#8221; show_subject_field=&#8221;&#8221; submit_title=&#8221;envoyer&#8221; submit_success=&#8221;Merci #, votre message a \u00e9t\u00e9 envoy\u00e9!&#8221; alert_errors=&#8221;&#8221; email_receiver=&#8221;info@michaelbarnaart.com&#8221;][\/vc_column][\/vc_row][vc_row disable_element=&#8221;yes&#8221;][vc_column width=&#8221;1\/3&#8243;][vc_column_text css=&#8221;&#8221;]<\/p>\n<p style=\"color: #df7a0d; text-align: center;\">Les commandes pass\u00e9es entre le 18 et le 27 d\u00e9cembre seront exp\u00e9di\u00e9es \u00e0 partir du 28 d\u00e9cembre.<\/p>\n<p>[\/vc_column_text][\/vc_column][vc_column width=&#8221;1\/3&#8243;][vc_column_text]<\/p>\n<p style=\"color: #e07e27; text-align: center;\">Au moment des vacances, nous nous installons en France. Toutes les commandes pass\u00e9es entre le 23 d\u00e9cembre et le 3 janvier seront exp\u00e9di\u00e9es \u00e0 partir du 4 janvier.<\/p>\n<p>[\/vc_column_text][\/vc_column][vc_column width=&#8221;1\/3&#8243;][\/vc_column][\/vc_row]<\/p>\n<\/div>","protected":false},"excerpt":{"rendered":"<p>[vc_row][vc_column][vc_column_text css=&#8221;&#8221;] CONTACT [\/vc_column_text][\/vc_column][\/vc_row][vc_row gap=&#8221;10&#8243;][vc_column width=&#8221;1\/3&#8243;][vc_column_text css=&#8221;&#8221;]Pour toute question concernant la livraison, le paiement ou la coupe, veuillez consulter notre page de service clientele. Vous avez une autre question ou un commentaire ? Veuillez alors nous contacter via le formulaire ci-dessous ou envoyer un e-mail \u00e0 info@michaelbarnaart.com. Vous recherchez nos points de vente physiques ?&hellip;<\/p>\n","protected":false},"author":3,"featured_media":0,"parent":0,"menu_order":0,"comment_status":"closed","ping_status":"closed","template":"","meta":{"_acf_changed":false,"footnotes":""},"class_list":["post-26037","page","type-page","status-publish","hentry"],"acf":[],"_links":{"self":[{"href":"https:\/\/michaelbarnaart.com\/fr\/wp-json\/wp\/v2\/pages\/26037","targetHints":{"allow":["GET"]}}],"collection":[{"href":"https:\/\/michaelbarnaart.com\/fr\/wp-json\/wp\/v2\/pages"}],"about":[{"href":"https:\/\/michaelbarnaart.com\/fr\/wp-json\/wp\/v2\/types\/page"}],"author":[{"embeddable":true,"href":"https:\/\/michaelbarnaart.com\/fr\/wp-json\/wp\/v2\/users\/3"}],"replies":[{"embeddable":true,"href":"https:\/\/michaelbarnaart.com\/fr\/wp-json\/wp\/v2\/comments?post=26037"}],"version-history":[{"count":1,"href":"https:\/\/michaelbarnaart.com\/fr\/wp-json\/wp\/v2\/pages\/26037\/revisions"}],"predecessor-version":[{"id":34238,"href":"https:\/\/michaelbarnaart.com\/fr\/wp-json\/wp\/v2\/pages\/26037\/revisions\/34238"}],"wp:attachment":[{"href":"https:\/\/michaelbarnaart.com\/fr\/wp-json\/wp\/v2\/media?parent=26037"}],"curies":[{"name":"wp","href":"https:\/\/api.w.org\/{rel}","templated":true}]}}